{"id":1198,"date":"2022-05-01T22:42:22","date_gmt":"2022-05-01T20:42:22","guid":{"rendered":"https:\/\/lheurbleu.fr\/?page_id=1198"},"modified":"2024-10-27T18:59:34","modified_gmt":"2024-10-27T17:59:34","slug":"evenements","status":"publish","type":"page","link":"https:\/\/lheurbleu.fr\/index.php\/evenements\/","title":{"rendered":"Z_Evenements"},"content":{"rendered":"<div class=\"masquer\">===================== Evenements ============================<\/div>\n<div class=\"masquer\">===================== Menu \u00e0 reporter ============================<\/div>\n<div class=\"masquer\">&#8212;&#8212;&#8212;&#8212;&#8212;&#8212;Retour et Champ de Recherche&#8212;&#8212;&#8212;&#8212;&#8212;&#8212;&#8211;<\/div>\n<div style=\"width:100%; height:3em; overflow:hidden;\">\n<div id=\"LHB_Menu_Ac\" class=\"LHB_Menu_Item\" style=\"height:3em;\">\n<div class=\"masquer\">Ac<\/div>\n<div class=\"LHB_Menu_Theme\">\n<div class=\"LHB_Menu_Icone\"><\/div>\n<div class=\"LHB_Menu_Titre LHB_Menu_Liste_Titre\"><a href=\"https:\/\/lheurbleu.fr\/\">Retour Accueil<\/a><\/div>\n<div class=\"LHB_Menu_Trait\"><\/div>\n<\/p><\/div>\n<\/p><\/div>\n<div id=\"LHB_Recherche\" style=\"height:3em; float:right;\">\n<form role=\"search\" method=\"get\" class=\"search-form\" action=\"https:\/\/lheurbleu.fr\/\" >\n      <input type=\"search\" id=\"search-form-LHB\" class=\"search-field\" placeholder=\"Rechercher...\" value=\"\" name=\"s\" style=\"height:2.8em;\"><br \/>\n      <button type=\"submit\" class=\"search-submit\" style=\"height:2.6em;\"><svg class=\"icon icon-search\" aria-hidden=\"true\" role=\"img\" > <use href=\"#icon-search\" xlink:href=\"#icon-search\"><\/use><\/svg><\/button><br \/>\n     <\/form>\n<\/p><\/div>\n<\/div>\n<div class=\"masquer\">&#8212;&#8212;&#8212;&#8212;&#8212;- Menu hors page d&#8217;accueil &#8212;&#8212;&#8212;&#8212;&#8212;&#8212;&#8211;<\/div>\n<div id=\"LHB_Menu\" style=\"margin-left:0px;\">\n<div id=\"LHB_Menu_Re\" class=\"LHB_Menu_Item\" onmouseover=\"LHB_Menu_Expansion('Re')\" onclick=\"LHB_Menu_Expansion('Re')\">\n<div class=\"LHB_Menu_Theme\">\n<div class=\"LHB_Menu_Icone\"><\/div>\n<div class=\"LHB_Menu_Titre\">R\u00e9enchanter<\/div>\n<div class=\"LHB_Menu_Trait\"><\/div>\n<\/p><\/div>\n<div class=\"LHB_Menu_Liste\">\n<div class=\"LHB_Menu_Liste_Icone\">><\/div>\n<div class=\"LHB_Menu_Liste_Titre\"><a href=\"https:\/\/lheurbleu.fr\/index.php\/le-monde\">le monde<\/a><\/div>\n<div class=\"LHB_Menu_Liste_Icone\">><\/div>\n<div class=\"LHB_Menu_Liste_Titre\"><a href=\"https:\/\/lheurbleu.fr\/index.php\/entreprise\">le monde de l&#8217;entreprise<\/a><\/div>\n<\/p><\/div>\n<\/p><\/div>\n<div id=\"LHB_Menu_Ka\" class=\"LHB_Menu_Item\" onmouseover=\"LHB_Menu_Expansion('Ka')\">\n<div class=\"LHB_Menu_Theme\">\n<div class=\"LHB_Menu_Icone\"><\/div>\n<div class=\"LHB_Menu_Titre\">Kas\u00e0lab<\/div>\n<div class=\"LHB_Menu_Trait\"><\/div>\n<\/p><\/div>\n<div class=\"LHB_Menu_Liste\">\n<div class=\"LHB_Menu_Liste_Icone\">><\/div>\n<div class=\"LHB_Menu_Liste_Titre\"><a href=\"https:\/\/lheurbleu.fr\/index.php\/lab\">le lab<\/a><\/div>\n<div class=\"LHB_Menu_Liste_Icone\">><\/div>\n<div class=\"LHB_Menu_Liste_Titre\"><a href=\"https:\/\/lheurbleu.fr\/index.php\/offres\">ce que nous pouvons faire ensemble<\/a><\/div>\n<div class=\"LHB_Menu_Liste_Icone\">><\/div>\n<div class=\"LHB_Menu_Liste_Titre\"><a href=\"https:\/\/lheurbleu.fr\/index.php\/exemples\">exemples<\/a><\/div>\n<\/p><\/div>\n<\/p><\/div>\n<div id=\"LHB_Menu_Ev\" class=\"LHB_Menu_Item\" onmouseover=\"LHB_Menu_Expansion('Ev')\">\n<div class=\"LHB_Menu_Theme\">\n<div class=\"LHB_Menu_Icone\"><\/div>\n<div class=\"LHB_Menu_Titre LHB_Menu_Liste_Titre\"><a href=\"https:\/\/lheurbleu.fr\/index.php\/evenements\"><\/p>\n<div>\u00c9v\u00e8nements<\/div>\n<p><\/a><\/div>\n<div class=\"LHB_Menu_Trait\"><\/div>\n<\/p><\/div>\n<\/p><\/div>\n<div id=\"LHB_Menu_Bl\" class=\"LHB_Menu_Item\" onmouseover=\"LHB_Accueil('Bl')\">\n<div class=\"LHB_Menu_Theme\">\n<div class=\"LHB_Menu_Icone\"><\/div>\n<div class=\"LHB_Menu_Titre\"><a href=\"https:\/\/lheurbleu.fr\/index.php\/blog\">Blog<\/a><\/div>\n<div class=\"LHB_Menu_Trait\"><\/div>\n<\/p><\/div>\n<div class=\"LHB_Menu_Liste\">\n<div class=\"LHB_Menu_Liste_Icone\">><\/div>\n<div class=\"LHB_Menu_Liste_Titre\"><a href=\"https:\/\/lheurbleu.fr\/index.php\/blog\">les articles<\/a><\/div>\n<div class=\"LHB_Menu_Liste_Icone\">><\/div>\n<div class=\"LHB_Menu_Liste_Titre\"><a href=\"https:\/\/lheurbleu.fr\/index.php\/kasalatheque\">kas\u00e0l\u00e0th\u00e8que<\/a><\/div>\n<\/p><\/div>\n<\/p><\/div>\n<div id=\"LHB_Menu_Co\" class=\"LHB_Menu_Item\" onmouseover=\"LHB_Menu_Expansion('Co')\">\n<div class=\"LHB_Menu_Theme\">\n<div class=\"LHB_Menu_Icone\"><\/div>\n<div class=\"LHB_Menu_Titre LHB_Menu_Liste_Titre\"><a href=\"https:\/\/lheurbleu.fr\/index.php\/contact\">Contact<\/a><\/div>\n<div class=\"LHB_Menu_Trait\"><\/div>\n<\/p><\/div>\n<\/p><\/div>\n<\/div>\n<div class=\"masquer\">===================== Section \u00c9v\u00e8nement ======================<\/div>\n<div class=\"masquer\">&#8212;&#8212;&#8212;&#8212;&#8212;&#8212;&#8212;- Colonne de Gauche &#8212;&#8212;&#8212;&#8212;&#8212;&#8212;&#8212;<\/div>\n<div id=\"LHB_Events_Conteneur\" style=\"clear:both;\">\n<div id=\"LHB_Events_Gauche\">\n<p>Atelier anim\u00e9 par Jean Kabuta, cr\u00e9ateur du kas\u00e0l\u00e0 contemporain et Marie-France Baroth, kas\u00e0leuse et praticienne narrative certifi\u00e9e.<\/p>\n<p class=\"Texte_Titre\">Objectifs de la journ\u00e9e<\/p>\n<p>D\u00e9couvrir le kas\u00e0l\u00e0 contemporain<br \/>\nEnvisager le kas\u00e0l\u00e0 comme un r\u00e9cit de soi et identifier ses points communs avec les \u00ab\u00a0pratiques narratives\u00a0\u00bb telles qu\u2019elles sont utilis\u00e9es en th\u00e9rapie et en coaching.<br \/>\nTisser de l\u2019un \u00e0 l\u2019autre pour ouvrir nos champs de pratiques, mettre en perspective, f\u00e9conder nos histoires de vie et notre po\u00e9sie.<\/p>\n<p class=\"Texte_Titre\">Programme<\/p>\n<p class=\"Texte_Standard\">Regards crois\u00e9s du kas\u00e0l\u00e0 aux pratiques narratives\u2026<br \/>\n<span class=\"Texte_Float_Droite\">\u2026et des pratiques narratives au kas\u00e0l\u00e0<\/span><\/p>\n<p style=\"clear:both;\">\n<ul>\n<li class=\"Texte_Liste\">Une parole po\u00e9tique ou politique<\/li>\n<li class=\"Texte_Liste\">Les postures : d\u00e9centr\u00e9e, effac\u00e9e, influente<\/li>\n<li class=\"Texte_Liste\">\u00c9coute et co cr\u00e9ation<\/li>\n<li class=\"Texte_Liste\">\u00c9motions partag\u00e9es, gratitude<\/li>\n<li class=\"Texte_Liste\">\u00c9mancipation et estime de soi<\/li>\n<li class=\"Texte_Liste\">Conversations, \u00e9crit, oralit\u00e9<\/li>\n<\/ul>\n<p>Diff\u00e9rents types de kas\u00e0l\u00e0s seront lus pour une d\u00e9couverte immersive.<\/p>\n<p>Mise en pratique en bin\u00f4mes sur un th\u00e8me choisi, afin que chacun cr\u00e9e son kas\u00e0l\u00e0 et le d\u00e9clame.<\/p>\n<div><a href=\"https:\/\/i0.wp.com\/lheurbleu.fr\/wp-content\/uploads\/Event_KaPraNar.jpeg?ssl=1\"><img loading=\"lazy\" src=\"https:\/\/i0.wp.com\/lheurbleu.fr\/wp-content\/uploads\/Event_KaPraNar.jpeg?resize=525%2C700&#038;ssl=1\" alt=\"\" width=\"525\" height=\"700\" data-recalc-dims=\"1\" \/><\/a><\/div>\n<\/div>\n<div class=\"masquer\">&#8212;&#8212;&#8212;&#8212;&#8212;&#8212;&#8212;- Colonne de Droite &#8212;&#8212;&#8212;&#8212;&#8212;&#8212;&#8212;<\/div>\n<div id=\"LHB_Events_Droite\">\n<div class=\"LHB_Events_Item\">\n<div class=\"LHB_Events_Icone\"><img loading=\"lazy\" src=\"https:\/\/i0.wp.com\/lheurbleu.fr\/wp-content\/uploads\/Icone_Calendrier.jpeg?resize=62%2C68&#038;ssl=1\" alt=\"\" width=\"62\" height=\"68\" data-recalc-dims=\"1\" \/><\/div>\n<div class=\"LHB_Events_Titre\">Le 25 juin 2022 de 9h30 \u00e0 17h<\/div>\n<\/p><\/div>\n<div class=\"LHB_Events_Item\">\n<div class=\"LHB_Events_Icone\"><img loading=\"lazy\" src=\"https:\/\/i0.wp.com\/lheurbleu.fr\/wp-content\/uploads\/Icone_Localisation.jpeg?resize=52%2C82&#038;ssl=1\" alt=\"\" width=\"52\" height=\"82\" data-recalc-dims=\"1\" \/><\/div>\n<div class=\"LHB_Events_Titre\">Au Forum 104 (pr\u00e9sentiel)<\/div>\n<div class=\"LHB_Events_Titre\">104 rue de Vaugirard<\/div>\n<div class=\"LHB_Events_Titre\">\u00c0 Paris<\/div>\n<\/p><\/div>\n<div class=\"LHB_Events_Item\">\n<div class=\"LHB_Events_Icone\"><img loading=\"lazy\" src=\"https:\/\/i0.wp.com\/lheurbleu.fr\/wp-content\/uploads\/Icone_Transport.jpeg?resize=46%2C80&#038;ssl=1\" alt=\"\" width=\"46\" height=\"80\" data-recalc-dims=\"1\" \/><\/div>\n<div class=\"LHB_Events_Titre\">Station de M\u00e9tro Saint-Placide \u00e0 300 m Ligne 4<\/div>\n<div class=\"LHB_Events_Titre\">Bus ligne 96 station Gare Montparnasse \u00e0 240 m<\/div>\n<\/p><\/div>\n<div class=\"LHB_Events_Item\">\n<div class=\"LHB_Events_Icone\"><img loading=\"lazy\" src=\"https:\/\/i0.wp.com\/lheurbleu.fr\/wp-content\/uploads\/Icone_Repas.jpeg?resize=92%2C64&#038;ssl=1\" alt=\"\" width=\"92\" height=\"64\" data-recalc-dims=\"1\" \/><\/div>\n<div class=\"LHB_Events_Titre\">Possibilit\u00e9 de pique niquer dans le jardin si le temps le permet, ou dans le hall.<\/div>\n<div class=\"LHB_Events_Titre\">Sinon il y a des restaurants et sup\u00e9rettes \u00e0 proximit\u00e9<\/div>\n<\/p><\/div>\n<div class=\"LHB_Events_Item\">\n<div class=\"LHB_Events_Icone\"><img loading=\"lazy\" src=\"https:\/\/i0.wp.com\/lheurbleu.fr\/wp-content\/uploads\/Icone_Pile_Pieces.jpeg?resize=52%2C50&#038;ssl=1\" alt=\"\" width=\"52\" height=\"50\" data-recalc-dims=\"1\" \/><\/div>\n<div class=\"LHB_Events_Titre\" style=\"color:#ffc71c; font-weight:600;\">Contribution financi\u00e8re<\/div>\n<div class=\"LHB_Events_Titre\">110 euros la journ\u00e9e<\/div>\n<div class=\"LHB_Events_Titre\">90 euros seulement pour toute inscription jusqu&#8217;au 8 juin inclus<\/div>\n<div class=\"LHB_Events_Titre\">En anticipant, vous nous facilitez la vie et vous \u00e9conomisez 20 euros<\/div>\n<div class=\"LHB_Events_Titre\">Montant \u00e0 r\u00e9gler par virement au moment de l\u2019inscription<\/div>\n<\/p><\/div>\n<div class=\"LHB_Events_Item\">\n<div class=\"LHB_Events_Icone_Insc\"><img loading=\"lazy\" src=\"https:\/\/i0.wp.com\/lheurbleu.fr\/wp-content\/uploads\/Icone_Enveloppe.png?resize=70%2C46&#038;ssl=1\" alt=\"\" width=\"70\" height=\"46\" data-recalc-dims=\"1\" \/><\/div>\n<div class=\"LHB_Events_Titre_Insc\"><a href=\"https:\/\/lheurbleu.fr\/index.php\/kapranar\">Renseignements et inscription<\/a><\/div>\n<\/p><\/div>\n<\/div>\n<div class=\"masquer\">================ Fin de Section \u00c9v\u00e8nement ====================<\/div>\n<\/div>\n","protected":false},"excerpt":{"rendered":"<p>===================== Evenements ============================ ===================== Menu \u00e0 reporter ============================ &#8212;&#8212;&#8212;&#8212;&#8212;&#8212;Retour et Champ de Recherche&#8212;&#8212;&#8212;&#8212;&#8212;&#8212;&#8211; Ac Retour Accueil &#8212;&#8212;&#8212;&#8212;&#8212;- Menu hors page d&#8217;accueil &#8212;&#8212;&#8212;&#8212;&#8212;&#8212;&#8211; R\u00e9enchanter > le monde > le monde de l&#8217;entreprise Kas\u00e0lab > le lab > ce que nous pouvons faire ensemble > exemples \u00c9v\u00e8nements Blog > les articles > kas\u00e0l\u00e0th\u00e8que Contact ===================== Section \u00c9v\u00e8nement &hellip; <\/p>\n<p class=\"link-more\"><a href=\"https:\/\/lheurbleu.fr\/index.php\/evenements\/\" class=\"more-link\">Continue reading<span class=\"screen-reader-text\"> &#8220;Z_Evenements&#8221;<\/span><\/a><\/p>\n","protected":false},"author":1,"featured_media":0,"parent":0,"menu_order":0,"comment_status":"closed","ping_status":"closed","template":"","meta":{"spay_email":""},"simple-restrict-permission":[],"jetpack-related-posts":[{"id":1329,"url":"https:\/\/lheurbleu.fr\/index.php\/blog\/","url_meta":{"origin":1198,"position":0},"title":"Z_Blog","date":"3 May 2022","format":false,"excerpt":"===================== Blog ============================ ===================== Menu \u00e0 reporter ============================ ------------------Retour et Champ de Recherche-------------------- Ac Retour Accueil ---------------- Menu hors page d'accueil -------------------- R\u00e9enchanter > le monde > le monde de l'entreprise Kas\u00e0lab > le lab > ce que nous pouvons faire ensemble > exemples \u00c9v\u00e8nements Blog > les articles >\u2026","rel":"","context":"Similar post","img":{"alt_text":"","src":"https:\/\/i0.wp.com\/lheurbleu.fr\/wp-content\/uploads\/SknCrMa1a.jpeg?resize=350%2C200&ssl=1","width":350,"height":200},"classes":[]},{"id":1318,"url":"https:\/\/lheurbleu.fr\/index.php\/formulaire-kasalab\/","url_meta":{"origin":1198,"position":1},"title":"Z_Formulaire Kasalab","date":"3 May 2022","format":false,"excerpt":"===================== Formulaire Kasalab ============================ ===================== Menu \u00e0 reporter ============================ ------------------Retour et Champ de Recherche-------------------- Retour Accueil ---------------- Menu hors page d'accueil -------------------- R\u00e9enchanter > le monde > le monde de l'entreprise Kas\u00e0lab > le lab > ce que nous pouvons faire ensemble > exemples \u00c9v\u00e8nements Blog > les articles >\u2026","rel":"","context":"Similar post","img":{"alt_text":"","src":"","width":0,"height":0},"classes":[]},{"id":1280,"url":"https:\/\/lheurbleu.fr\/index.php\/contact\/","url_meta":{"origin":1198,"position":2},"title":"Z_Formulaire Contact","date":"2 May 2022","format":false,"excerpt":"===================== Formulaire Contact ================================================= Menu \u00e0 reporter ============================ ------------------Retour et Champ de Recherche-------------------- Retour Accueil ---------------- Menu hors page d'accueil -------------------- R\u00e9enchanter > le monde > le monde de l'entreprise Kas\u00e0lab > le lab > ce que nous pouvons faire ensemble > exemples \u00c9v\u00e8nements Blog > les articles > kas\u00e0l\u00e0th\u00e8que\u2026","rel":"","context":"Similar post","img":{"alt_text":"","src":"","width":0,"height":0},"classes":[]},{"id":1314,"url":"https:\/\/lheurbleu.fr\/index.php\/exemples\/","url_meta":{"origin":1198,"position":3},"title":"Z_Kasalab &#8211; Exemples","date":"3 May 2022","format":false,"excerpt":"===================== Kasalab - Exemples ============================ ===================== Menu \u00e0 reporter ============================ ------------------Retour et Champ de Recherche-------------------- Ac Retour Accueil ---------------- Menu hors page d'accueil -------------------- R\u00e9enchanter > le monde > le monde de l'entreprise Kas\u00e0lab > le lab > ce que nous pouvons faire ensemble > exemples \u00c9v\u00e8nements Blog > les\u2026","rel":"","context":"Similar post","img":{"alt_text":"","src":"","width":0,"height":0},"classes":[]},{"id":1298,"url":"https:\/\/lheurbleu.fr\/index.php\/lab\/","url_meta":{"origin":1198,"position":4},"title":"Z_Kasalab &#8211; Le lab","date":"2 May 2022","format":false,"excerpt":"===================== Kasalab - Le lab ============================ ===================== Menu \u00e0 reporter ============================ ------------------Retour et Champ de Recherche-------------------- Ac Retour Accueil ---------------- Menu hors page d'accueil -------------------- R\u00e9enchanter > le monde > le monde de l'entreprise Kas\u00e0lab > le lab > ce que nous pouvons faire ensemble > exemples \u00c9v\u00e8nements Blog >\u2026","rel":"","context":"Similar post","img":{"alt_text":"","src":"","width":0,"height":0},"classes":[]},{"id":1303,"url":"https:\/\/lheurbleu.fr\/index.php\/offres\/","url_meta":{"origin":1198,"position":5},"title":"Z_Kasalab &#8211; Faire ensemble","date":"3 May 2022","format":false,"excerpt":"===================== Kasalab - Faire ensemble ============================ ===================== Menu \u00e0 reporter ============================ ------------------Retour et Champ de Recherche-------------------- Ac Retour Accueil ---------------- Menu hors page d'accueil -------------------- R\u00e9enchanter > le monde > le monde de l'entreprise Kas\u00e0lab > le lab > ce que nous pouvons faire ensemble > exemples \u00c9v\u00e8nements Blog >\u2026","rel":"","context":"Similar post","img":{"alt_text":"","src":"","width":0,"height":0},"classes":[]}],"_links":{"self":[{"href":"https:\/\/lheurbleu.fr\/index.php\/wp-json\/wp\/v2\/pages\/1198"}],"collection":[{"href":"https:\/\/lheurbleu.fr\/index.php\/wp-json\/wp\/v2\/pages"}],"about":[{"href":"https:\/\/lheurbleu.fr\/index.php\/wp-json\/wp\/v2\/types\/page"}],"author":[{"embeddable":true,"href":"https:\/\/lheurbleu.fr\/index.php\/wp-json\/wp\/v2\/users\/1"}],"replies":[{"embeddable":true,"href":"https:\/\/lheurbleu.fr\/index.php\/wp-json\/wp\/v2\/comments?post=1198"}],"version-history":[{"count":39,"href":"https:\/\/lheurbleu.fr\/index.php\/wp-json\/wp\/v2\/pages\/1198\/revisions"}],"predecessor-version":[{"id":2412,"href":"https:\/\/lheurbleu.fr\/index.php\/wp-json\/wp\/v2\/pages\/1198\/revisions\/2412"}],"wp:attachment":[{"href":"https:\/\/lheurbleu.fr\/index.php\/wp-json\/wp\/v2\/media?parent=1198"}],"wp:term":[{"taxonomy":"simple-restrict-permission","embeddable":true,"href":"https:\/\/lheurbleu.fr\/index.php\/wp-json\/wp\/v2\/simple-restrict-permission?post=1198"}],"curies":[{"name":"wp","href":"https:\/\/api.w.org\/{rel}","templated":true}]}}