{"id":1224,"date":"2022-05-02T11:51:31","date_gmt":"2022-05-02T09:51:31","guid":{"rendered":"https:\/\/lheurbleu.fr\/?page_id=1224"},"modified":"2024-10-27T19:04:45","modified_gmt":"2024-10-27T18:04:45","slug":"entreprise","status":"publish","type":"page","link":"https:\/\/lheurbleu.fr\/index.php\/entreprise\/","title":{"rendered":"Z_R\u00e9enchanter &#8211; le monde de l&#8217;entreprise"},"content":{"rendered":"<div class=\"masquer\">===================== R\u00e9enchanter &#8211; le monde de l&#8217;entreprise ============================<\/div>\n<div class=\"masquer\">===================== Menu \u00e0 reporter ============================<\/div>\n<div class=\"masquer\">&#8212;&#8212;&#8212;&#8212;&#8212;&#8212;Retour et Champ de Recherche&#8212;&#8212;&#8212;&#8212;&#8212;&#8212;&#8211;<\/div>\n<div style=\"width:100%; height:3em; overflow:hidden;\">\n<div id=\"LHB_Menu_Ac\" class=\"LHB_Menu_Item\" style=\"height:3em;\">\n<div class=\"masquer\">Ac<\/div>\n<div class=\"LHB_Menu_Theme\">\n<div class=\"LHB_Menu_Icone\"><\/div>\n<div class=\"LHB_Menu_Titre LHB_Menu_Liste_Titre\"><a href=\"https:\/\/lheurbleu.fr\/\">Retour Accueil<\/a><\/div>\n<div class=\"LHB_Menu_Trait\"><\/div>\n<\/p><\/div>\n<\/p><\/div>\n<div id=\"LHB_Recherche\" style=\"height:3em; float:right;\">\n<form role=\"search\" method=\"get\" class=\"search-form\" action=\"https:\/\/lheurbleu.fr\/\" >\n      <input type=\"search\" id=\"search-form-LHB\" class=\"search-field\" placeholder=\"Rechercher...\" value=\"\" name=\"s\" style=\"height:2.8em;\"><br \/>\n      <button type=\"submit\" class=\"search-submit\" style=\"height:2.6em;\"><svg class=\"icon icon-search\" aria-hidden=\"true\" role=\"img\" > <use href=\"#icon-search\" xlink:href=\"#icon-search\"><\/use><\/svg><\/button><br \/>\n     <\/form>\n<\/p><\/div>\n<\/div>\n<div class=\"masquer\">&#8212;&#8212;&#8212;&#8212;&#8212;- Menu hors page d&#8217;accueil &#8212;&#8212;&#8212;&#8212;&#8212;&#8212;&#8211;<\/div>\n<div id=\"LHB_Menu\" style=\"margin-left:0px;\">\n<div id=\"LHB_Menu_Re\" class=\"LHB_Menu_Item\" onmouseover=\"LHB_Menu_Expansion('Re')\" onclick=\"LHB_Menu_Expansion('Re')\">\n<div class=\"LHB_Menu_Theme\">\n<div class=\"LHB_Menu_Icone\"><\/div>\n<div class=\"LHB_Menu_Titre\">R\u00e9enchanter<\/div>\n<div class=\"LHB_Menu_Trait\"><\/div>\n<\/p><\/div>\n<div class=\"LHB_Menu_Liste\">\n<div class=\"LHB_Menu_Liste_Icone\">><\/div>\n<div class=\"LHB_Menu_Liste_Titre\"><a href=\"https:\/\/lheurbleu.fr\/index.php\/le-monde\">le monde<\/a><\/div>\n<div class=\"LHB_Menu_Liste_Icone\">><\/div>\n<div class=\"LHB_Menu_Liste_Titre\"><a href=\"https:\/\/lheurbleu.fr\/index.php\/entreprise\">le monde de l&#8217;entreprise<\/a><\/div>\n<\/p><\/div>\n<\/p><\/div>\n<div id=\"LHB_Menu_Ka\" class=\"LHB_Menu_Item\" onmouseover=\"LHB_Menu_Expansion('Ka')\">\n<div class=\"LHB_Menu_Theme\">\n<div class=\"LHB_Menu_Icone\"><\/div>\n<div class=\"LHB_Menu_Titre\">Kas\u00e0lab<\/div>\n<div class=\"LHB_Menu_Trait\"><\/div>\n<\/p><\/div>\n<div class=\"LHB_Menu_Liste\">\n<div class=\"LHB_Menu_Liste_Icone\">><\/div>\n<div class=\"LHB_Menu_Liste_Titre\"><a href=\"https:\/\/lheurbleu.fr\/index.php\/lab\">le lab<\/a><\/div>\n<div class=\"LHB_Menu_Liste_Icone\">><\/div>\n<div class=\"LHB_Menu_Liste_Titre\"><a href=\"https:\/\/lheurbleu.fr\/index.php\/offres\">ce que nous pouvons faire ensemble<\/a><\/div>\n<div class=\"LHB_Menu_Liste_Icone\">><\/div>\n<div class=\"LHB_Menu_Liste_Titre\"><a href=\"https:\/\/lheurbleu.fr\/index.php\/exemples\">exemples<\/a><\/div>\n<\/p><\/div>\n<\/p><\/div>\n<div id=\"LHB_Menu_Ev\" class=\"LHB_Menu_Item\" onmouseover=\"LHB_Menu_Expansion('Ev')\">\n<div class=\"LHB_Menu_Theme\">\n<div class=\"LHB_Menu_Icone\"><\/div>\n<div class=\"LHB_Menu_Titre LHB_Menu_Liste_Titre\"><a href=\"https:\/\/lheurbleu.fr\/index.php\/evenements\"><\/p>\n<div>\u00c9v\u00e8nements<\/div>\n<p><\/a><\/div>\n<div class=\"LHB_Menu_Trait\"><\/div>\n<\/p><\/div>\n<\/p><\/div>\n<div id=\"LHB_Menu_Bl\" class=\"LHB_Menu_Item\" onmouseover=\"LHB_Accueil('Bl')\">\n<div class=\"LHB_Menu_Theme\">\n<div class=\"LHB_Menu_Icone\"><\/div>\n<div class=\"LHB_Menu_Titre\"><a href=\"https:\/\/lheurbleu.fr\/index.php\/blog\">Blog<\/a><\/div>\n<div class=\"LHB_Menu_Trait\"><\/div>\n<\/p><\/div>\n<div class=\"LHB_Menu_Liste\">\n<div class=\"LHB_Menu_Liste_Icone\">><\/div>\n<div class=\"LHB_Menu_Liste_Titre\"><a href=\"https:\/\/lheurbleu.fr\/index.php\/blog\">les articles<\/a><\/div>\n<div class=\"LHB_Menu_Liste_Icone\">><\/div>\n<div class=\"LHB_Menu_Liste_Titre\"><a href=\"https:\/\/lheurbleu.fr\/index.php\/kasalatheque\">kas\u00e0l\u00e0th\u00e8que<\/a><\/div>\n<\/p><\/div>\n<\/p><\/div>\n<div id=\"LHB_Menu_Co\" class=\"LHB_Menu_Item\" onmouseover=\"LHB_Menu_Expansion('Co')\">\n<div class=\"LHB_Menu_Theme\">\n<div class=\"LHB_Menu_Icone\"><\/div>\n<div class=\"LHB_Menu_Titre LHB_Menu_Liste_Titre\"><a href=\"https:\/\/lheurbleu.fr\/index.php\/contact\">Contact<\/a><\/div>\n<div class=\"LHB_Menu_Trait\"><\/div>\n<\/p><\/div>\n<\/p><\/div>\n<\/div>\n<div class=\"masquer\">================ Section R\u00e9enchanter l&#8217;entreprise ====================<\/div>\n<div style=\"clear:both;\">\n<p class=\"Texte_Simple\">R\u00e9enchanter le monde de l\u2019entreprise ce pourrait \u00eatre\u2026<span class=\"Texte_Gris\">(Temps de lecture 1 mn)<\/span><\/p>\n<ul>\n<li class=\"Texte_Liste\">Sortir de la performance comme logique premi\u00e8re, pour entrer dans une logique plus ambitieuse de r\u00e9alisation : r\u00e9alisation de soi et de l\u2019objet social comme projet partag\u00e9. Le challenge qui me titille, me donne envie de me d\u00e9passer, envie d\u2019en \u00eatre et de participer parce qu\u2019il me fait r\u00eaver !<\/li>\n<li class=\"Texte_Liste\">\u00c9largir l\u2019objet social \u00e0 l\u2019objet soci\u00e9tal et environnemental : \u00e0 quelle soci\u00e9t\u00e9 j\u2019ai envie de contribuer, de quel ouvrage je veux \u00eatre b\u00e2tisseur ? \u00c0 quel r\u00eave je veux acc\u00e9der ? Quelle sera ma fiert\u00e9 au moment de faire le bilan, de transmettre ?<\/li>\n<li class=\"Texte_Liste\">Partager et diffuser l\u2019esprit pour f\u00e9d\u00e9rer l\u2019\u00e9quipe, plut\u00f4t que pr\u00e9tendre fabriquer artificiellement des relations interpersonnelles de qualit\u00e9. \u00c0 quel clan ai-je envie d\u2019appartenir ? De quelle identit\u00e9 collective je d\u00e9sire me r\u00e9clamer ?<\/li>\n<li class=\"Texte_Liste\">Engager au d\u00e9passement de soi en laissant parler les talents et qualit\u00e9s personnelles, les savoir faire et tours de main pour r\u00e9aliser une oeuvre collective et pourtant singuli\u00e8re.<\/li>\n<li class=\"Texte_Liste\">Favoriser et organiser la parole autour des acquis, des conqu\u00eates. C\u00e9l\u00e9brer le cadeau, le bonus. Plut\u00f4t que capitaliser (au sens premier du terme de rendre aux actionnaires), partager, reconna\u00eetre, d\u00e9velopper et transmettre.<\/li>\n<li class=\"Texte_Liste\">F\u00e9liciter en se r\u00e9jouissant ensemble, en valorisant sinc\u00e8rement chaque contribution.<\/li>\n<li class=\"Texte_Liste\">Se conna\u00eetre pour mieux reconna\u00eetre. Cr\u00e9er les conditions de la confiance mutuelle.<\/li>\n<li class=\"Texte_Liste\">Offrir un surplus de sens, de fiert\u00e9, de bien-\u00eatre mental, moral, mat\u00e9riel, pour aujourd\u2019hui et pour demain (assistance, environnement\u2026)<\/li>\n<\/div>\n","protected":false},"excerpt":{"rendered":"<p>===================== R\u00e9enchanter &#8211; le monde de l&#8217;entreprise ============================ ===================== Menu \u00e0 reporter ============================ &#8212;&#8212;&#8212;&#8212;&#8212;&#8212;Retour et Champ de Recherche&#8212;&#8212;&#8212;&#8212;&#8212;&#8212;&#8211; Ac Retour Accueil &#8212;&#8212;&#8212;&#8212;&#8212;- Menu hors page d&#8217;accueil &#8212;&#8212;&#8212;&#8212;&#8212;&#8212;&#8211; R\u00e9enchanter > le monde > le monde de l&#8217;entreprise Kas\u00e0lab > le lab > ce que nous pouvons faire ensemble > exemples \u00c9v\u00e8nements Blog > les articles > &hellip; <\/p>\n<p class=\"link-more\"><a href=\"https:\/\/lheurbleu.fr\/index.php\/entreprise\/\" class=\"more-link\">Continue reading<span class=\"screen-reader-text\"> &#8220;Z_R\u00e9enchanter &#8211; le monde de l&#8217;entreprise&#8221;<\/span><\/a><\/p>\n","protected":false},"author":1,"featured_media":0,"parent":0,"menu_order":0,"comment_status":"closed","ping_status":"closed","template":"","meta":{"spay_email":""},"simple-restrict-permission":[],"jetpack-related-posts":[{"id":1329,"url":"https:\/\/lheurbleu.fr\/index.php\/blog\/","url_meta":{"origin":1224,"position":0},"title":"Z_Blog","date":"3 May 2022","format":false,"excerpt":"===================== Blog ============================ ===================== Menu \u00e0 reporter ============================ ------------------Retour et Champ de Recherche-------------------- Ac Retour Accueil ---------------- Menu hors page d'accueil -------------------- R\u00e9enchanter > le monde > le monde de l'entreprise Kas\u00e0lab > le lab > ce que nous pouvons faire ensemble > exemples \u00c9v\u00e8nements Blog > les articles >\u2026","rel":"","context":"Similar post","img":{"alt_text":"","src":"https:\/\/i0.wp.com\/lheurbleu.fr\/wp-content\/uploads\/SknCrMa1a.jpeg?resize=350%2C200&ssl=1","width":350,"height":200},"classes":[]},{"id":1318,"url":"https:\/\/lheurbleu.fr\/index.php\/formulaire-kasalab\/","url_meta":{"origin":1224,"position":1},"title":"Z_Formulaire Kasalab","date":"3 May 2022","format":false,"excerpt":"===================== Formulaire Kasalab ============================ ===================== Menu \u00e0 reporter ============================ ------------------Retour et Champ de Recherche-------------------- Retour Accueil ---------------- Menu hors page d'accueil -------------------- R\u00e9enchanter > le monde > le monde de l'entreprise Kas\u00e0lab > le lab > ce que nous pouvons faire ensemble > exemples \u00c9v\u00e8nements Blog > les articles >\u2026","rel":"","context":"Similar post","img":{"alt_text":"","src":"","width":0,"height":0},"classes":[]},{"id":1280,"url":"https:\/\/lheurbleu.fr\/index.php\/contact\/","url_meta":{"origin":1224,"position":2},"title":"Z_Formulaire Contact","date":"2 May 2022","format":false,"excerpt":"===================== Formulaire Contact ================================================= Menu \u00e0 reporter ============================ ------------------Retour et Champ de Recherche-------------------- Retour Accueil ---------------- Menu hors page d'accueil -------------------- R\u00e9enchanter > le monde > le monde de l'entreprise Kas\u00e0lab > le lab > ce que nous pouvons faire ensemble > exemples \u00c9v\u00e8nements Blog > les articles > kas\u00e0l\u00e0th\u00e8que\u2026","rel":"","context":"Similar post","img":{"alt_text":"","src":"","width":0,"height":0},"classes":[]},{"id":1314,"url":"https:\/\/lheurbleu.fr\/index.php\/exemples\/","url_meta":{"origin":1224,"position":3},"title":"Z_Kasalab &#8211; Exemples","date":"3 May 2022","format":false,"excerpt":"===================== Kasalab - Exemples ============================ ===================== Menu \u00e0 reporter ============================ ------------------Retour et Champ de Recherche-------------------- Ac Retour Accueil ---------------- Menu hors page d'accueil -------------------- R\u00e9enchanter > le monde > le monde de l'entreprise Kas\u00e0lab > le lab > ce que nous pouvons faire ensemble > exemples \u00c9v\u00e8nements Blog > les\u2026","rel":"","context":"Similar post","img":{"alt_text":"","src":"","width":0,"height":0},"classes":[]},{"id":1303,"url":"https:\/\/lheurbleu.fr\/index.php\/offres\/","url_meta":{"origin":1224,"position":4},"title":"Z_Kasalab &#8211; Faire ensemble","date":"3 May 2022","format":false,"excerpt":"===================== Kasalab - Faire ensemble ============================ ===================== Menu \u00e0 reporter ============================ ------------------Retour et Champ de Recherche-------------------- Ac Retour Accueil ---------------- Menu hors page d'accueil -------------------- R\u00e9enchanter > le monde > le monde de l'entreprise Kas\u00e0lab > le lab > ce que nous pouvons faire ensemble > exemples \u00c9v\u00e8nements Blog >\u2026","rel":"","context":"Similar post","img":{"alt_text":"","src":"","width":0,"height":0},"classes":[]},{"id":1298,"url":"https:\/\/lheurbleu.fr\/index.php\/lab\/","url_meta":{"origin":1224,"position":5},"title":"Z_Kasalab &#8211; Le lab","date":"2 May 2022","format":false,"excerpt":"===================== Kasalab - Le lab ============================ ===================== Menu \u00e0 reporter ============================ ------------------Retour et Champ de Recherche-------------------- Ac Retour Accueil ---------------- Menu hors page d'accueil -------------------- R\u00e9enchanter > le monde > le monde de l'entreprise Kas\u00e0lab > le lab > ce que nous pouvons faire ensemble > exemples \u00c9v\u00e8nements Blog >\u2026","rel":"","context":"Similar post","img":{"alt_text":"","src":"","width":0,"height":0},"classes":[]}],"_links":{"self":[{"href":"https:\/\/lheurbleu.fr\/index.php\/wp-json\/wp\/v2\/pages\/1224"}],"collection":[{"href":"https:\/\/lheurbleu.fr\/index.php\/wp-json\/wp\/v2\/pages"}],"about":[{"href":"https:\/\/lheurbleu.fr\/index.php\/wp-json\/wp\/v2\/types\/page"}],"author":[{"embeddable":true,"href":"https:\/\/lheurbleu.fr\/index.php\/wp-json\/wp\/v2\/users\/1"}],"replies":[{"embeddable":true,"href":"https:\/\/lheurbleu.fr\/index.php\/wp-json\/wp\/v2\/comments?post=1224"}],"version-history":[{"count":9,"href":"https:\/\/lheurbleu.fr\/index.php\/wp-json\/wp\/v2\/pages\/1224\/revisions"}],"predecessor-version":[{"id":2428,"href":"https:\/\/lheurbleu.fr\/index.php\/wp-json\/wp\/v2\/pages\/1224\/revisions\/2428"}],"wp:attachment":[{"href":"https:\/\/lheurbleu.fr\/index.php\/wp-json\/wp\/v2\/media?parent=1224"}],"wp:term":[{"taxonomy":"simple-restrict-permission","embeddable":true,"href":"https:\/\/lheurbleu.fr\/index.php\/wp-json\/wp\/v2\/simple-restrict-permission?post=1224"}],"curies":[{"name":"wp","href":"https:\/\/api.w.org\/{rel}","templated":true}]}}