{"id":1280,"date":"2022-05-02T20:05:55","date_gmt":"2022-05-02T18:05:55","guid":{"rendered":"https:\/\/lheurbleu.fr\/?page_id=1280"},"modified":"2024-10-27T18:59:48","modified_gmt":"2024-10-27T17:59:48","slug":"contact","status":"publish","type":"page","link":"https:\/\/lheurbleu.fr\/index.php\/contact\/","title":{"rendered":"Z_Formulaire Contact"},"content":{"rendered":"<div class=\"masquer\">===================== Formulaire Contact ============================<\/div>\n<div class=\"masquer\">===================== Menu \u00e0 reporter ============================<\/div>\n<div class=\"masquer\">&#8212;&#8212;&#8212;&#8212;&#8212;&#8212;Retour et Champ de Recherche&#8212;&#8212;&#8212;&#8212;&#8212;&#8212;&#8211;<\/div>\n<div style=\"width:100%; height:7vh; overflow:hidden;\">\n<div id=\"LHB_Menu_Ac\" class=\"LHB_Menu_Item\" style=\"height:5vw;\">\n<div class=\"LHB_Menu_Theme\">\n<div class=\"LHB_Menu_Icone\"><\/div>\n<div class=\"LHB_Menu_Titre LHB_Menu_Liste_Titre\"><a href=\"https:\/\/lheurbleu.fr\/\">Retour Accueil<\/a><\/div>\n<div class=\"LHB_Menu_Trait\"><\/div>\n<\/p><\/div>\n<\/p><\/div>\n<div style=\"height:7vh; width:50%; float:right;\">\n<form role=\"search\" method=\"get\" class=\"search-form\" action=\"https:\/\/lheurbleu.fr\/\">\n      <input type=\"search\" id=\"search-form-LHB\" class=\"search-field\" placeholder=\"Rechercher...\" value=\"\" name=\"s\"><br \/>\n      <button type=\"submit\" class=\"search-submit\" style=\"height:5.9vh;\"><svg class=\"icon icon-search\" aria-hidden=\"true\" role=\"img\" > <use href=\"#icon-search\" xlink:href=\"#icon-search\"><\/use><\/svg><\/button><br \/>\n     <\/form>\n<\/p><\/div>\n<\/div>\n<div class=\"masquer\">&#8212;&#8212;&#8212;&#8212;&#8212;- Menu hors page d&#8217;accueil &#8212;&#8212;&#8212;&#8212;&#8212;&#8212;&#8211;<\/div>\n<div id=\"LHB_Menu\" style=\"margin-left:0px;\">\n<div id=\"LHB_Menu_Re\" class=\"LHB_Menu_Item\" onmouseover=\"LHB_Menu_Expansion('Re')\" onclick=\"LHB_Menu_Expansion('Re')\">\n<div class=\"LHB_Menu_Theme\">\n<div class=\"LHB_Menu_Icone\"><\/div>\n<div class=\"LHB_Menu_Titre\">R\u00e9enchanter<\/div>\n<div class=\"LHB_Menu_Trait\"><\/div>\n<\/p><\/div>\n<div class=\"LHB_Menu_Liste\">\n<div class=\"LHB_Menu_Liste_Icone\">><\/div>\n<div class=\"LHB_Menu_Liste_Titre\"><a href=\"https:\/\/lheurbleu.fr\/index.php\/le-monde\">le monde<\/a><\/div>\n<div class=\"LHB_Menu_Liste_Icone\">><\/div>\n<div class=\"LHB_Menu_Liste_Titre\"><a href=\"https:\/\/lheurbleu.fr\/index.php\/entreprise\">le monde de l&#8217;entreprise<\/a><\/div>\n<\/p><\/div>\n<\/p><\/div>\n<div id=\"LHB_Menu_Ka\" class=\"LHB_Menu_Item\" onmouseover=\"LHB_Menu_Expansion('Ka')\">\n<div class=\"LHB_Menu_Theme\">\n<div class=\"LHB_Menu_Icone\"><\/div>\n<div class=\"LHB_Menu_Titre\">Kas\u00e0lab<\/div>\n<div class=\"LHB_Menu_Trait\"><\/div>\n<\/p><\/div>\n<div class=\"LHB_Menu_Liste\">\n<div class=\"LHB_Menu_Liste_Icone\">><\/div>\n<div class=\"LHB_Menu_Liste_Titre\"><a href=\"https:\/\/lheurbleu.fr\/index.php\/lab\">le lab<\/a><\/div>\n<div class=\"LHB_Menu_Liste_Icone\">><\/div>\n<div class=\"LHB_Menu_Liste_Titre\"><a href=\"https:\/\/lheurbleu.fr\/index.php\/offres\">ce que nous pouvons faire ensemble<\/a><\/div>\n<div class=\"LHB_Menu_Liste_Icone\">><\/div>\n<div class=\"LHB_Menu_Liste_Titre\"><a href=\"https:\/\/lheurbleu.fr\/index.php\/exemples\">exemples<\/a><\/div>\n<\/p><\/div>\n<\/p><\/div>\n<div id=\"LHB_Menu_Ev\" class=\"LHB_Menu_Item\" onmouseover=\"LHB_Menu_Expansion('Ev')\">\n<div class=\"LHB_Menu_Theme\">\n<div class=\"LHB_Menu_Icone\"><\/div>\n<div class=\"LHB_Menu_Titre LHB_Menu_Liste_Titre\"><a href=\"https:\/\/lheurbleu.fr\/index.php\/evenements\"><\/p>\n<div>\u00c9v\u00e8nements<\/div>\n<p><\/a><\/div>\n<div class=\"LHB_Menu_Trait\"><\/div>\n<\/p><\/div>\n<\/p><\/div>\n<div id=\"LHB_Menu_Bl\" class=\"LHB_Menu_Item\" onmouseover=\"LHB_Accueil('Bl')\">\n<div class=\"LHB_Menu_Theme\">\n<div class=\"LHB_Menu_Icone\"><\/div>\n<div class=\"LHB_Menu_Titre\"><a href=\"https:\/\/lheurbleu.fr\/index.php\/blog\">Blog<\/a><\/div>\n<div class=\"LHB_Menu_Trait\"><\/div>\n<\/p><\/div>\n<div class=\"LHB_Menu_Liste\">\n<div class=\"LHB_Menu_Liste_Icone\">><\/div>\n<div class=\"LHB_Menu_Liste_Titre\"><a href=\"https:\/\/lheurbleu.fr\/index.php\/blog\">les articles<\/a><\/div>\n<div class=\"LHB_Menu_Liste_Icone\">><\/div>\n<div class=\"LHB_Menu_Liste_Titre\"><a href=\"https:\/\/lheurbleu.fr\/index.php\/kasalatheque\">kas\u00e0l\u00e0th\u00e8que<\/a><\/div>\n<\/p><\/div>\n<\/p><\/div>\n<div id=\"LHB_Menu_Co\" class=\"LHB_Menu_Item\" onmouseover=\"LHB_Menu_Expansion('Co')\">\n<div class=\"LHB_Menu_Theme\">\n<div class=\"LHB_Menu_Icone\"><\/div>\n<div class=\"LHB_Menu_Titre LHB_Menu_Liste_Titre\"><a href=\"https:\/\/lheurbleu.fr\/index.php\/contact\">Contact<\/a><\/div>\n<div class=\"LHB_Menu_Trait\"><\/div>\n<\/p><\/div>\n<\/p><\/div>\n<\/div>\n<div class=\"masquer\" style=\"clear:both\">================ Formulaire de contact ====================<\/div>\n<p>Vous souhaitez obtenir des informations sur notre activit\u00e9 ou vous renseigner sur un de nos \u00e9v\u00e8nements.<\/p>\n<p><p>Merci de compl\u00e9ter le formulaire ci-dessous.<br \/>\nJe vous contacterai rapidement.<\/p>\n<\/div>\n<div role=\"form\" class=\"wpcf7\" id=\"wpcf7-f1282-o1\" lang=\"en-US\" dir=\"ltr\">\n<div class=\"screen-reader-response\"><p role=\"status\" aria-live=\"polite\" aria-atomic=\"true\"><\/p> <ul><\/ul><\/div>\n<form action=\"\/index.php\/wp-json\/wp\/v2\/pages\/1280#wpcf7-f1282-o1\" method=\"post\" class=\"wpcf7-form init\" novalidate=\"novalidate\" data-status=\"init\">\n<div style=\"display: none;\">\n<input type=\"hidden\" name=\"_wpcf7\" value=\"1282\" \/>\n<input type=\"hidden\" name=\"_wpcf7_version\" value=\"5.6\" \/>\n<input type=\"hidden\" name=\"_wpcf7_locale\" value=\"en_US\" \/>\n<input type=\"hidden\" name=\"_wpcf7_unit_tag\" value=\"wpcf7-f1282-o1\" \/>\n<input type=\"hidden\" name=\"_wpcf7_container_post\" value=\"0\" \/>\n<input type=\"hidden\" name=\"_wpcf7_posted_data_hash\" value=\"\" \/>\n<\/div>\n<p><label> Vos nom et pr\u00e9nom<br \/>\n    <span class=\"wpcf7-form-control-wrap\" data-name=\"your-name\"><input type=\"text\" name=\"your-name\" value=\"\" size=\"40\" class=\"wpcf7-form-control wpcf7-text wpcf7-validates-as-required\" aria-required=\"true\" aria-invalid=\"false\" \/><\/span> <\/label><\/p>\n<p><label> Votre adresse mail<br \/>\n    <span class=\"wpcf7-form-control-wrap\" data-name=\"your-email\"><input type=\"email\" name=\"your-email\" value=\"\" size=\"40\" class=\"wpcf7-form-control wpcf7-text wpcf7-email wpcf7-validates-as-required wpcf7-validates-as-email\" aria-required=\"true\" aria-invalid=\"false\" \/><\/span> <\/label><\/p>\n<p><label> Votre question<br \/>\n    <span class=\"wpcf7-form-control-wrap\" data-name=\"your-subject\"><input type=\"text\" name=\"your-subject\" value=\"\" size=\"40\" class=\"wpcf7-form-control wpcf7-text wpcf7-validates-as-required\" aria-required=\"true\" aria-invalid=\"false\" \/><\/span> <\/label><\/p>\n<p><div id=\"cf7sr-69f5a3705596d\" class=\"cf7sr-g-recaptcha\" data-theme=\"light\" data-type=\"image\" data-size=\"normal\" data-sitekey=\"6LcnJWkgAAAAAD8Mxgfh9dEekZ9Tm12Re12ZmEkR\"><\/div><span class=\"wpcf7-form-control-wrap cf7sr-recaptcha\" data-name=\"cf7sr-recaptcha\"><input type=\"hidden\" name=\"cf7sr-recaptcha\" value=\"\" class=\"wpcf7-form-control\"><\/span><\/p>\n<p><input type=\"submit\" value=\"Envoyer\" class=\"wpcf7-form-control has-spinner wpcf7-submit\" \/><\/p>\n<p style=\"display: none !important;\" class=\"akismet-fields-container\" data-prefix=\"_wpcf7_ak_\"><label>&#916;<textarea name=\"_wpcf7_ak_hp_textarea\" cols=\"45\" rows=\"8\" maxlength=\"100\"><\/textarea><\/label><input type=\"hidden\" id=\"ak_js_1\" name=\"_wpcf7_ak_js\" value=\"221\"\/><script>document.getElementById( \"ak_js_1\" ).setAttribute( \"value\", ( new Date() ).getTime() );<\/script><\/p><div class=\"wpcf7-response-output\" aria-hidden=\"true\"><\/div><\/form><\/div>\n","protected":false},"excerpt":{"rendered":"<p>===================== Formulaire Contact ============================ ===================== Menu \u00e0 reporter ============================ &#8212;&#8212;&#8212;&#8212;&#8212;&#8212;Retour et Champ de Recherche&#8212;&#8212;&#8212;&#8212;&#8212;&#8212;&#8211; Retour Accueil &#8212;&#8212;&#8212;&#8212;&#8212;- Menu hors page d&#8217;accueil &#8212;&#8212;&#8212;&#8212;&#8212;&#8212;&#8211; R\u00e9enchanter > le monde > le monde de l&#8217;entreprise Kas\u00e0lab > le lab > ce que nous pouvons faire ensemble > exemples \u00c9v\u00e8nements Blog > les articles > kas\u00e0l\u00e0th\u00e8que Contact ================ Formulaire de &hellip; <\/p>\n<p class=\"link-more\"><a href=\"https:\/\/lheurbleu.fr\/index.php\/contact\/\" class=\"more-link\">Continue reading<span class=\"screen-reader-text\"> &#8220;Z_Formulaire Contact&#8221;<\/span><\/a><\/p>\n","protected":false},"author":1,"featured_media":0,"parent":0,"menu_order":0,"comment_status":"closed","ping_status":"closed","template":"","meta":{"spay_email":""},"simple-restrict-permission":[],"jetpack-related-posts":[{"id":1329,"url":"https:\/\/lheurbleu.fr\/index.php\/blog\/","url_meta":{"origin":1280,"position":0},"title":"Z_Blog","date":"3 May 2022","format":false,"excerpt":"===================== Blog ============================ ===================== Menu \u00e0 reporter ============================ ------------------Retour et Champ de Recherche-------------------- Ac Retour Accueil ---------------- Menu hors page d'accueil -------------------- R\u00e9enchanter > le monde > le monde de l'entreprise Kas\u00e0lab > le lab > ce que nous pouvons faire ensemble > exemples \u00c9v\u00e8nements Blog > les articles >\u2026","rel":"","context":"Similar post","img":{"alt_text":"","src":"https:\/\/i0.wp.com\/lheurbleu.fr\/wp-content\/uploads\/SknCrMa1a.jpeg?resize=350%2C200&ssl=1","width":350,"height":200},"classes":[]},{"id":1318,"url":"https:\/\/lheurbleu.fr\/index.php\/formulaire-kasalab\/","url_meta":{"origin":1280,"position":1},"title":"Z_Formulaire Kasalab","date":"3 May 2022","format":false,"excerpt":"===================== Formulaire Kasalab ============================ ===================== Menu \u00e0 reporter ============================ ------------------Retour et Champ de Recherche-------------------- Retour Accueil ---------------- Menu hors page d'accueil -------------------- R\u00e9enchanter > le monde > le monde de l'entreprise Kas\u00e0lab > le lab > ce que nous pouvons faire ensemble > exemples \u00c9v\u00e8nements Blog > les articles >\u2026","rel":"","context":"Similar post","img":{"alt_text":"","src":"","width":0,"height":0},"classes":[]},{"id":1314,"url":"https:\/\/lheurbleu.fr\/index.php\/exemples\/","url_meta":{"origin":1280,"position":2},"title":"Z_Kasalab &#8211; Exemples","date":"3 May 2022","format":false,"excerpt":"===================== Kasalab - Exemples ============================ ===================== Menu \u00e0 reporter ============================ ------------------Retour et Champ de Recherche-------------------- Ac Retour Accueil ---------------- Menu hors page d'accueil -------------------- R\u00e9enchanter > le monde > le monde de l'entreprise Kas\u00e0lab > le lab > ce que nous pouvons faire ensemble > exemples \u00c9v\u00e8nements Blog > les\u2026","rel":"","context":"Similar post","img":{"alt_text":"","src":"","width":0,"height":0},"classes":[]},{"id":1298,"url":"https:\/\/lheurbleu.fr\/index.php\/lab\/","url_meta":{"origin":1280,"position":3},"title":"Z_Kasalab &#8211; Le lab","date":"2 May 2022","format":false,"excerpt":"===================== Kasalab - Le lab ============================ ===================== Menu \u00e0 reporter ============================ ------------------Retour et Champ de Recherche-------------------- Ac Retour Accueil ---------------- Menu hors page d'accueil -------------------- R\u00e9enchanter > le monde > le monde de l'entreprise Kas\u00e0lab > le lab > ce que nous pouvons faire ensemble > exemples \u00c9v\u00e8nements Blog >\u2026","rel":"","context":"Similar post","img":{"alt_text":"","src":"","width":0,"height":0},"classes":[]},{"id":1303,"url":"https:\/\/lheurbleu.fr\/index.php\/offres\/","url_meta":{"origin":1280,"position":4},"title":"Z_Kasalab &#8211; Faire ensemble","date":"3 May 2022","format":false,"excerpt":"===================== Kasalab - Faire ensemble ============================ ===================== Menu \u00e0 reporter ============================ ------------------Retour et Champ de Recherche-------------------- Ac Retour Accueil ---------------- Menu hors page d'accueil -------------------- R\u00e9enchanter > le monde > le monde de l'entreprise Kas\u00e0lab > le lab > ce que nous pouvons faire ensemble > exemples \u00c9v\u00e8nements Blog >\u2026","rel":"","context":"Similar post","img":{"alt_text":"","src":"","width":0,"height":0},"classes":[]},{"id":1198,"url":"https:\/\/lheurbleu.fr\/index.php\/evenements\/","url_meta":{"origin":1280,"position":5},"title":"Z_Evenements","date":"1 May 2022","format":false,"excerpt":"===================== Evenements ============================ ===================== Menu \u00e0 reporter ============================ ------------------Retour et Champ de Recherche-------------------- Ac Retour Accueil ---------------- Menu hors page d'accueil -------------------- R\u00e9enchanter > le monde > le monde de l'entreprise Kas\u00e0lab > le lab > ce que nous pouvons faire ensemble > exemples \u00c9v\u00e8nements Blog > les articles >\u2026","rel":"","context":"Similar post","img":{"alt_text":"","src":"https:\/\/i0.wp.com\/lheurbleu.fr\/wp-content\/uploads\/Event_KaPraNar.jpeg?resize=350%2C200&ssl=1","width":350,"height":200},"classes":[]}],"_links":{"self":[{"href":"https:\/\/lheurbleu.fr\/index.php\/wp-json\/wp\/v2\/pages\/1280"}],"collection":[{"href":"https:\/\/lheurbleu.fr\/index.php\/wp-json\/wp\/v2\/pages"}],"about":[{"href":"https:\/\/lheurbleu.fr\/index.php\/wp-json\/wp\/v2\/types\/page"}],"author":[{"embeddable":true,"href":"https:\/\/lheurbleu.fr\/index.php\/wp-json\/wp\/v2\/users\/1"}],"replies":[{"embeddable":true,"href":"https:\/\/lheurbleu.fr\/index.php\/wp-json\/wp\/v2\/comments?post=1280"}],"version-history":[{"count":11,"href":"https:\/\/lheurbleu.fr\/index.php\/wp-json\/wp\/v2\/pages\/1280\/revisions"}],"predecessor-version":[{"id":2413,"href":"https:\/\/lheurbleu.fr\/index.php\/wp-json\/wp\/v2\/pages\/1280\/revisions\/2413"}],"wp:attachment":[{"href":"https:\/\/lheurbleu.fr\/index.php\/wp-json\/wp\/v2\/media?parent=1280"}],"wp:term":[{"taxonomy":"simple-restrict-permission","embeddable":true,"href":"https:\/\/lheurbleu.fr\/index.php\/wp-json\/wp\/v2\/simple-restrict-permission?post=1280"}],"curies":[{"name":"wp","href":"https:\/\/api.w.org\/{rel}","templated":true}]}}