{"id":1314,"date":"2022-05-03T19:16:02","date_gmt":"2022-05-03T17:16:02","guid":{"rendered":"https:\/\/lheurbleu.fr\/?page_id=1314"},"modified":"2024-10-27T19:02:50","modified_gmt":"2024-10-27T18:02:50","slug":"exemples","status":"publish","type":"page","link":"https:\/\/lheurbleu.fr\/index.php\/exemples\/","title":{"rendered":"Z_Kasalab &#8211; Exemples"},"content":{"rendered":"<div class=\"masquer\">===================== Kasalab &#8211; Exemples ============================<\/div>\n<div class=\"masquer\">===================== Menu \u00e0 reporter ============================<\/div>\n<div class=\"masquer\">&#8212;&#8212;&#8212;&#8212;&#8212;&#8212;Retour et Champ de Recherche&#8212;&#8212;&#8212;&#8212;&#8212;&#8212;&#8211;<\/div>\n<div style=\"width:100%; height:3em; overflow:hidden;\">\n<div id=\"LHB_Menu_Ac\" class=\"LHB_Menu_Item\" style=\"height:3em;\">\n<div class=\"masquer\">Ac<\/div>\n<div class=\"LHB_Menu_Theme\">\n<div class=\"LHB_Menu_Icone\"><\/div>\n<div class=\"LHB_Menu_Titre LHB_Menu_Liste_Titre\"><a href=\"https:\/\/lheurbleu.fr\/\">Retour Accueil<\/a><\/div>\n<div class=\"LHB_Menu_Trait\"><\/div>\n<\/p><\/div>\n<\/p><\/div>\n<div id=\"LHB_Recherche\" style=\"height:3em; float:right;\">\n<form role=\"search\" method=\"get\" class=\"search-form\" action=\"https:\/\/lheurbleu.fr\/\" >\n      <input type=\"search\" id=\"search-form-LHB\" class=\"search-field\" placeholder=\"Rechercher...\" value=\"\" name=\"s\" style=\"height:2.8em;\"><br \/>\n      <button type=\"submit\" class=\"search-submit\" style=\"height:2.6em;\"><svg class=\"icon icon-search\" aria-hidden=\"true\" role=\"img\" > <use href=\"#icon-search\" xlink:href=\"#icon-search\"><\/use><\/svg><\/button><br \/>\n     <\/form>\n<\/p><\/div>\n<\/div>\n<div class=\"masquer\">&#8212;&#8212;&#8212;&#8212;&#8212;- Menu hors page d&#8217;accueil &#8212;&#8212;&#8212;&#8212;&#8212;&#8212;&#8211;<\/div>\n<div id=\"LHB_Menu\" style=\"margin-left:0px;\">\n<div id=\"LHB_Menu_Re\" class=\"LHB_Menu_Item\" onmouseover=\"LHB_Menu_Expansion('Re')\" onclick=\"LHB_Menu_Expansion('Re')\">\n<div class=\"LHB_Menu_Theme\">\n<div class=\"LHB_Menu_Icone\"><\/div>\n<div class=\"LHB_Menu_Titre\">R\u00e9enchanter<\/div>\n<div class=\"LHB_Menu_Trait\"><\/div>\n<\/p><\/div>\n<div class=\"LHB_Menu_Liste\">\n<div class=\"LHB_Menu_Liste_Icone\">><\/div>\n<div class=\"LHB_Menu_Liste_Titre\"><a href=\"https:\/\/lheurbleu.fr\/index.php\/le-monde\">le monde<\/a><\/div>\n<div class=\"LHB_Menu_Liste_Icone\">><\/div>\n<div class=\"LHB_Menu_Liste_Titre\"><a href=\"https:\/\/lheurbleu.fr\/index.php\/entreprise\">le monde de l&#8217;entreprise<\/a><\/div>\n<\/p><\/div>\n<\/p><\/div>\n<div id=\"LHB_Menu_Ka\" class=\"LHB_Menu_Item\" onmouseover=\"LHB_Menu_Expansion('Ka')\">\n<div class=\"LHB_Menu_Theme\">\n<div class=\"LHB_Menu_Icone\"><\/div>\n<div class=\"LHB_Menu_Titre\">Kas\u00e0lab<\/div>\n<div class=\"LHB_Menu_Trait\"><\/div>\n<\/p><\/div>\n<div class=\"LHB_Menu_Liste\">\n<div class=\"LHB_Menu_Liste_Icone\">><\/div>\n<div class=\"LHB_Menu_Liste_Titre\"><a href=\"https:\/\/lheurbleu.fr\/index.php\/lab\">le lab<\/a><\/div>\n<div class=\"LHB_Menu_Liste_Icone\">><\/div>\n<div class=\"LHB_Menu_Liste_Titre\"><a href=\"https:\/\/lheurbleu.fr\/index.php\/offres\">ce que nous pouvons faire ensemble<\/a><\/div>\n<div class=\"LHB_Menu_Liste_Icone\">><\/div>\n<div class=\"LHB_Menu_Liste_Titre\"><a href=\"https:\/\/lheurbleu.fr\/index.php\/exemples\">exemples<\/a><\/div>\n<\/p><\/div>\n<\/p><\/div>\n<div id=\"LHB_Menu_Ev\" class=\"LHB_Menu_Item\" onmouseover=\"LHB_Menu_Expansion('Ev')\">\n<div class=\"LHB_Menu_Theme\">\n<div class=\"LHB_Menu_Icone\"><\/div>\n<div class=\"LHB_Menu_Titre LHB_Menu_Liste_Titre\"><a href=\"https:\/\/lheurbleu.fr\/index.php\/evenements\"><\/p>\n<div>\u00c9v\u00e8nements<\/div>\n<p><\/a><\/div>\n<div class=\"LHB_Menu_Trait\"><\/div>\n<\/p><\/div>\n<\/p><\/div>\n<div id=\"LHB_Menu_Bl\" class=\"LHB_Menu_Item\" onmouseover=\"LHB_Accueil('Bl')\">\n<div class=\"LHB_Menu_Theme\">\n<div class=\"LHB_Menu_Icone\"><\/div>\n<div class=\"LHB_Menu_Titre\"><a href=\"https:\/\/lheurbleu.fr\/index.php\/blog\">Blog<\/a><\/div>\n<div class=\"LHB_Menu_Trait\"><\/div>\n<\/p><\/div>\n<div class=\"LHB_Menu_Liste\">\n<div class=\"LHB_Menu_Liste_Icone\">><\/div>\n<div class=\"LHB_Menu_Liste_Titre\"><a href=\"https:\/\/lheurbleu.fr\/index.php\/blog\">les articles<\/a><\/div>\n<div class=\"LHB_Menu_Liste_Icone\">><\/div>\n<div class=\"LHB_Menu_Liste_Titre\"><a href=\"https:\/\/lheurbleu.fr\/index.php\/kasalatheque\">kas\u00e0l\u00e0th\u00e8que<\/a><\/div>\n<\/p><\/div>\n<\/p><\/div>\n<div id=\"LHB_Menu_Co\" class=\"LHB_Menu_Item\" onmouseover=\"LHB_Menu_Expansion('Co')\">\n<div class=\"LHB_Menu_Theme\">\n<div class=\"LHB_Menu_Icone\"><\/div>\n<div class=\"LHB_Menu_Titre LHB_Menu_Liste_Titre\"><a href=\"https:\/\/lheurbleu.fr\/index.php\/contact\">Contact<\/a><\/div>\n<div class=\"LHB_Menu_Trait\"><\/div>\n<\/p><\/div>\n<\/p><\/div>\n<\/div>\n<div class=\"masquer\">================ Section Kasalab ====================<\/div>\n<div style=\"clear:both;\">\n<p class=\"Texte_Titre\">Atelier kas\u00e0l\u00e0<\/p>\n<p class=\"Texte_Simple\">Activit\u00e9 de groupe sur un th\u00e8me adapt\u00e9<\/p>\n<ul>\n<li class=\"Texte_Liste\">\u00e9changes deux par deux<br \/>\nprise de parole devant le groupe entier<\/li>\n<li class=\"Texte_Liste\">cr\u00e9ation d\u2019un recueil pour pouvoir relire les kas\u00e0l\u00e0s \u00e9chang\u00e9s en s\u00e9ance<\/li>\n<\/ul>\n<p class=\"Texte_Titre\">Arbre de vie, arbre de transmission<\/p>\n<p class=\"Texte_Simple\">Productions individuelles sur la base de la m\u00e9taphore de l\u2019arbre de vie &#8211; ou de transmission en fonction du contexte. C\u2019est l\u2019occasion de mettre en avant ses forces, ses qualit\u00e9s, ses soutiens\u2026<br \/>\nPr\u00e9sentation devant le groupe et mise en commun \u00e9ventuelles pour produire une oeuvre collective.<\/p>\n<p class=\"Texte_Titre\">M\u00e9ditation cont\u00e9e<\/p>\n<p class=\"Texte_Simple\">S\u00e9ance de relaxation (mouvements simples et respiration) accompagn\u00e9e d\u2019un conte traditionnel<\/p>\n<div class=\"LHB_Bandeau_Contact\">\n<div class=\"LHB_Ban_Con_Esp\"><\/div>\n<div class=\"LHB_Ban_Con_Icone\"><img loading=\"lazy\" src=\"https:\/\/i0.wp.com\/lheurbleu.fr\/wp-content\/uploads\/Icone_Enveloppe.png?resize=70%2C46&#038;ssl=1\" alt=\"\" width=\"70\" height=\"46\" data-recalc-dims=\"1\" \/><\/div>\n<div class=\"LHB_Ban_Con_Titre\"><a href=\"https:\/\/lheurbleu.fr\/index.php\/exemples\/formulaire-kasalab\">Contactez nous<\/a><\/div>\n<\/div>\n<\/div>\n","protected":false},"excerpt":{"rendered":"<p>===================== Kasalab &#8211; Exemples ============================ ===================== Menu \u00e0 reporter ============================ &#8212;&#8212;&#8212;&#8212;&#8212;&#8212;Retour et Champ de Recherche&#8212;&#8212;&#8212;&#8212;&#8212;&#8212;&#8211; Ac Retour Accueil &#8212;&#8212;&#8212;&#8212;&#8212;- Menu hors page d&#8217;accueil &#8212;&#8212;&#8212;&#8212;&#8212;&#8212;&#8211; R\u00e9enchanter > le monde > le monde de l&#8217;entreprise Kas\u00e0lab > le lab > ce que nous pouvons faire ensemble > exemples \u00c9v\u00e8nements Blog > les articles > kas\u00e0l\u00e0th\u00e8que Contact ================ &hellip; <\/p>\n<p class=\"link-more\"><a href=\"https:\/\/lheurbleu.fr\/index.php\/exemples\/\" class=\"more-link\">Continue reading<span class=\"screen-reader-text\"> &#8220;Z_Kasalab &#8211; Exemples&#8221;<\/span><\/a><\/p>\n","protected":false},"author":1,"featured_media":0,"parent":0,"menu_order":0,"comment_status":"closed","ping_status":"closed","template":"","meta":{"spay_email":""},"simple-restrict-permission":[],"jetpack-related-posts":[{"id":1329,"url":"https:\/\/lheurbleu.fr\/index.php\/blog\/","url_meta":{"origin":1314,"position":0},"title":"Z_Blog","date":"3 May 2022","format":false,"excerpt":"===================== Blog ============================ ===================== Menu \u00e0 reporter ============================ ------------------Retour et Champ de Recherche-------------------- Ac Retour Accueil ---------------- Menu hors page d'accueil -------------------- R\u00e9enchanter > le monde > le monde de l'entreprise Kas\u00e0lab > le lab > ce que nous pouvons faire ensemble > exemples \u00c9v\u00e8nements Blog > les articles >\u2026","rel":"","context":"Similar post","img":{"alt_text":"","src":"https:\/\/i0.wp.com\/lheurbleu.fr\/wp-content\/uploads\/SknCrMa1a.jpeg?resize=350%2C200&ssl=1","width":350,"height":200},"classes":[]},{"id":1318,"url":"https:\/\/lheurbleu.fr\/index.php\/formulaire-kasalab\/","url_meta":{"origin":1314,"position":1},"title":"Z_Formulaire Kasalab","date":"3 May 2022","format":false,"excerpt":"===================== Formulaire Kasalab ============================ ===================== Menu \u00e0 reporter ============================ ------------------Retour et Champ de Recherche-------------------- Retour Accueil ---------------- Menu hors page d'accueil -------------------- R\u00e9enchanter > le monde > le monde de l'entreprise Kas\u00e0lab > le lab > ce que nous pouvons faire ensemble > exemples \u00c9v\u00e8nements Blog > les articles >\u2026","rel":"","context":"Similar post","img":{"alt_text":"","src":"","width":0,"height":0},"classes":[]},{"id":1280,"url":"https:\/\/lheurbleu.fr\/index.php\/contact\/","url_meta":{"origin":1314,"position":2},"title":"Z_Formulaire Contact","date":"2 May 2022","format":false,"excerpt":"===================== Formulaire Contact ================================================= Menu \u00e0 reporter ============================ ------------------Retour et Champ de Recherche-------------------- Retour Accueil ---------------- Menu hors page d'accueil -------------------- R\u00e9enchanter > le monde > le monde de l'entreprise Kas\u00e0lab > le lab > ce que nous pouvons faire ensemble > exemples \u00c9v\u00e8nements Blog > les articles > kas\u00e0l\u00e0th\u00e8que\u2026","rel":"","context":"Similar post","img":{"alt_text":"","src":"","width":0,"height":0},"classes":[]},{"id":1303,"url":"https:\/\/lheurbleu.fr\/index.php\/offres\/","url_meta":{"origin":1314,"position":3},"title":"Z_Kasalab &#8211; Faire ensemble","date":"3 May 2022","format":false,"excerpt":"===================== Kasalab - Faire ensemble ============================ ===================== Menu \u00e0 reporter ============================ ------------------Retour et Champ de Recherche-------------------- Ac Retour Accueil ---------------- Menu hors page d'accueil -------------------- R\u00e9enchanter > le monde > le monde de l'entreprise Kas\u00e0lab > le lab > ce que nous pouvons faire ensemble > exemples \u00c9v\u00e8nements Blog >\u2026","rel":"","context":"Similar post","img":{"alt_text":"","src":"","width":0,"height":0},"classes":[]},{"id":1298,"url":"https:\/\/lheurbleu.fr\/index.php\/lab\/","url_meta":{"origin":1314,"position":4},"title":"Z_Kasalab &#8211; Le lab","date":"2 May 2022","format":false,"excerpt":"===================== Kasalab - Le lab ============================ ===================== Menu \u00e0 reporter ============================ ------------------Retour et Champ de Recherche-------------------- Ac Retour Accueil ---------------- Menu hors page d'accueil -------------------- R\u00e9enchanter > le monde > le monde de l'entreprise Kas\u00e0lab > le lab > ce que nous pouvons faire ensemble > exemples \u00c9v\u00e8nements Blog >\u2026","rel":"","context":"Similar post","img":{"alt_text":"","src":"","width":0,"height":0},"classes":[]},{"id":1198,"url":"https:\/\/lheurbleu.fr\/index.php\/evenements\/","url_meta":{"origin":1314,"position":5},"title":"Z_Evenements","date":"1 May 2022","format":false,"excerpt":"===================== Evenements ============================ ===================== Menu \u00e0 reporter ============================ ------------------Retour et Champ de Recherche-------------------- Ac Retour Accueil ---------------- Menu hors page d'accueil -------------------- R\u00e9enchanter > le monde > le monde de l'entreprise Kas\u00e0lab > le lab > ce que nous pouvons faire ensemble > exemples \u00c9v\u00e8nements Blog > les articles >\u2026","rel":"","context":"Similar post","img":{"alt_text":"","src":"https:\/\/i0.wp.com\/lheurbleu.fr\/wp-content\/uploads\/Event_KaPraNar.jpeg?resize=350%2C200&ssl=1","width":350,"height":200},"classes":[]}],"_links":{"self":[{"href":"https:\/\/lheurbleu.fr\/index.php\/wp-json\/wp\/v2\/pages\/1314"}],"collection":[{"href":"https:\/\/lheurbleu.fr\/index.php\/wp-json\/wp\/v2\/pages"}],"about":[{"href":"https:\/\/lheurbleu.fr\/index.php\/wp-json\/wp\/v2\/types\/page"}],"author":[{"embeddable":true,"href":"https:\/\/lheurbleu.fr\/index.php\/wp-json\/wp\/v2\/users\/1"}],"replies":[{"embeddable":true,"href":"https:\/\/lheurbleu.fr\/index.php\/wp-json\/wp\/v2\/comments?post=1314"}],"version-history":[{"count":9,"href":"https:\/\/lheurbleu.fr\/index.php\/wp-json\/wp\/v2\/pages\/1314\/revisions"}],"predecessor-version":[{"id":2421,"href":"https:\/\/lheurbleu.fr\/index.php\/wp-json\/wp\/v2\/pages\/1314\/revisions\/2421"}],"wp:attachment":[{"href":"https:\/\/lheurbleu.fr\/index.php\/wp-json\/wp\/v2\/media?parent=1314"}],"wp:term":[{"taxonomy":"simple-restrict-permission","embeddable":true,"href":"https:\/\/lheurbleu.fr\/index.php\/wp-json\/wp\/v2\/simple-restrict-permission?post=1314"}],"curies":[{"name":"wp","href":"https:\/\/api.w.org\/{rel}","templated":true}]}}