{"id":2325,"date":"2024-10-11T21:50:21","date_gmt":"2024-10-11T19:50:21","guid":{"rendered":"https:\/\/lheurbleu.fr\/?page_id=2325"},"modified":"2024-12-11T23:48:44","modified_gmt":"2024-12-11T22:48:44","slug":"newsletters","status":"publish","type":"page","link":"https:\/\/lheurbleu.fr\/index.php\/newsletters\/","title":{"rendered":"Newsletters"},"content":{"rendered":"<div class=\"Ka_Fond_Article\">\n<div class=\"masquer\">************************ ENTETE ***********************************<\/div>\n<div class=\"ACC_INTER_BLOC\"><\/div>\n<p><a href=\"https:\/\/www.lheurbleu.fr\"><\/p>\n<div id=\"Ka_Entete\"><\/div>\n<p><\/a><\/p>\n<div class=\"ACC_INTER_BLOC\"><\/div>\n<div class=\"masquer\">******************* MENU A COPIER **************************<\/div>\n<div id=\"CADRE_LOGO_MENU\">\n<li class=\"CADRE_LOGO_LISTE\" id=\"CLL_1\" onclick=\"Ouvre_Menu(1)\">A propos<\/li>\n<li class=\"CADRE_LOGO_LISTE\" id=\"CLL_2\" onclick=\"Ouvre_Menu(2)\">Prochaines formations<\/li>\n<li class=\"CADRE_LOGO_LISTE\" id=\"CLL_3\" onclick=\"Ouvre_Menu(3)\">Nos publications<\/li>\n<li class=\"CADRE_LOGO_LISTE\" id=\"CLL_4\" onclick=\"Ouvre_Menu(4)\">Kas\u00e0l\u00e0s \u00e0 d\u00e9couvrir<\/li>\n<li class=\"CADRE_LOGO_LISTE\" id=\"CLL_5\"><a href=\"https:\/\/lheurbleu.fr\/index.php\/questions\/\">FAQ<\/a><\/li>\n<\/div>\n<div id=\"CADRE_LOGO_SOUS_MENU_1\" class=\"SOUS_MENU\" >\n<li class=\"CADRE_LOGO_SML_1\"><a href=\"https:\/\/lheurbleu.fr\/index.php\/a_propos_kasalab\">Kas\u00e0l\u00e0b<\/a><\/li>\n<li class=\"CADRE_LOGO_SML_1\"><a href=\"https:\/\/lheurbleu.fr\/index.php\/a_propos_kasaleo\">Documentaire \u00ab\u00a0kasaleo, la r\u00e9v\u00e9lation\u00a0\u00bb<\/a><\/li>\n<\/div>\n<div id=\"CADRE_LOGO_SOUS_MENU_2\" class=\"SOUS_MENU\" >\n<li class=\"CADRE_LOGO_SML_2\"><a href=\"https:\/\/lheurbleu.fr\/index.php\/calendrier\">Calendrier<\/a><\/li>\n<li class=\"CADRE_LOGO_SML_2\"><a href=\"https:\/\/lheurbleu.fr\/wp-content\/uploads\/Formations-Kasalab-3-volets.pdf\">Quelles formations choisir ?<\/a><\/li>\n<li class=\"CADRE_LOGO_SML_2\"><a href=\"https:\/\/lheurbleu.fr\/wp-content\/uploads\/triptyque-Kasalab.pdf\">Eskales narratives<\/a><\/li>\n<li class=\"CADRE_LOGO_SML_2\">Formations \u00e0 la demande<\/li>\n<\/div>\n<div id=\"CADRE_LOGO_SOUS_MENU_3\" class=\"SOUS_MENU\" >\n<li class=\"CADRE_LOGO_SML_3\"><a href=\"https:\/\/lheurbleu.fr\/index.php\/newsletters\">Newsletters<\/a><\/li>\n<li class=\"CADRE_LOGO_SML_3\">Articles LinkedIn<\/li>\n<li class=\"CADRE_LOGO_SML_3\">Blog<\/li>\n<li class=\"CADRE_LOGO_SML_3\">Podcast<\/li>\n<li class=\"CADRE_LOGO_SML_3\">Livres sonores<\/li>\n<\/div>\n<div id=\"CADRE_LOGO_SOUS_MENU_4\" class=\"SOUS_MENU\" >\n<li class=\"CADRE_LOGO_SML_4\"><a href=\"https:\/\/lheurbleu.fr\/index.php\/Kasala_01\">Kas\u00e0l\u00e0 \u00e0 mes lign\u00e9es<\/a><\/li>\n<li class=\"CADRE_LOGO_SML_4\"><a href=\"https:\/\/lheurbleu.fr\/index.php\/Kasala_02\">Kas\u00e0l\u00e0 de l\u2019air<\/a><\/li>\n<li class=\"CADRE_LOGO_SML_4\"><a href=\"https:\/\/lheurbleu.fr\/index.php\/Kasala_03\">Kas\u00e0l\u00e0 du serpent<\/a><\/li>\n<li class=\"CADRE_LOGO_SML_4\"><a href=\"https:\/\/lheurbleu.fr\/index.php\/Kasala_04\">Le poing e<\/a><\/li>\n<li \nclass=\"CADRE_LOGO_SML_4\"><a href=\"https:\/\/lheurbleu.fr\/index.php\/Kasala_05\">Kas\u00e0l\u00e0 mosa\u00efque<\/a><\/li>\n<\/div>\n<div id=\"CADRE_LOGO_SOUS_MENU_5\" class=\"SOUS_MENU\" >\n<li class=\"CADRE_LOGO_SML_5\"><a href=\"https:\/\/lheurbleu.fr\/index.php\/questions\/\">Questions<\/a><\/li>\n<\/div>\n<div class=\"masquer\">******************* FIN DE MENU A COPIER **************************<\/div>\n<div class=\"ACC_INTER_BLOC\"><\/div>\n<div class=\"masquer\">************************ NEWSLETTERS **************************<\/div>\n<div id=\"Ka_Newletters\">\n<div id=\"Ka_Newsletters_Titre\" class=\"Ka_Titre\">Les Newsletters de Kas\u00e0lab<\/div>\n<p><a href=\"https:\/\/e9i42.r.ag.d.sendibm3.com\/mk\/mr\/sh\/6rqJ8GoudeITPxQLXVL9tXMltt2\/Vm1z5oEDQsMS\"><\/p>\n<div class=\"Ka_Newsletters_bloc\">\n<div id=\"Ka_Newsletters_01\" class=\"Ka_Newsletters_Image\"><\/div>\n<div class=\"Ka_Newsletters_Description\">\n<div class=\"Ka_Newsletters_Date Ka_Dore\">Septembre 2024<\/div>\n<div class=\"Ka_Newsletters_Slogan Ka_Dore\">Le kas\u00e0l\u00e0 fait sa rentr\u00e9e<\/div>\n<div class=\"Ka_newsletters_Teaser\">Apr\u00e8s une pause estivale o\u00f9 la communaut\u00e9 du kas\u00e0l\u00e0 s&#8217;est retrouv\u00e9e \u00e0 Rimouski pour c\u00e9l\u00e9brer les succ\u00e8s de l\u2019ann\u00e9e \u2013 dont le magnifique documentaire Kasaleo, la r\u00e9v\u00e9lation &#8211; il est temps de reprendre le chemin de l\u2019\u00e9cole.<\/div>\n<\/div>\n<\/div>\n<p><\/a><\/p>\n<p><a href=\"https:\/\/e9i42.r.ag.d.sendibm3.com\/mk\/mr\/sh\/6rqJ8GoudeITPxQLXVL9tXMltt2\/ufCjdzVYiARb\"><\/p>\n<div class=\"Ka_Newsletters_bloc\">\n<div id=\"Ka_Newsletters_02\" class=\"Ka_Newsletters_Image\"><\/div>\n<div class=\"Ka_Newsletters_Description\">\n<div class=\"Ka_Newsletters_Date Ka_Dore\">Octobre 2024<\/div>\n<div class=\"Ka_Newsletters_Slogan Ka_Dore\">L&#8217;\u00e9pop\u00e9e de Kas\u00e0lab<\/div>\n<div class=\"Ka_newsletters_Teaser\">Il \u00e9tait une fois&#8230;<br \/>\n&#8230; un homme aux dix, aux cents noms. Jean Ngo Semzara Kabuta Ntalaja Matanda Jandhi&#8230;<br \/>\nPourquoi tant de noms quand la plupart d&#8217;entre nous nous satisfaisons d&#8217;un pr\u00e9nom et d&#8217;un patronyme ? Parce que Jean a v\u00e9cu dix, cent vies, mille vies peut-\u00eatre ! <\/div>\n<\/div>\n<\/div>\n<p><\/a><\/p>\n<p><a href=\"https:\/\/e9i42.r.sp1-brevo.net\/mk\/mr\/sh\/6rqJ8GoudeITPxQLXVL9tXMltt2\/XGt1hftDarPV\"><\/p>\n<div class=\"Ka_Newsletters_bloc\">\n<div id=\"Ka_Newsletters_03\" class=\"Ka_Newsletters_Image\"><\/div>\n<div class=\"Ka_Newsletters_Description\">\n<div class=\"Ka_Newsletters_Date Ka_Dore\">Novembre 2024<\/div>\n<div class=\"Ka_Newsletters_Slogan Ka_Dore\">25 millions de po\u00e8tes<\/div>\n<div class=\"Ka_newsletters_Teaser\">Mois du souvenir<br \/>\nVous \u00eates-vous d\u00e9j\u00e0 demand\u00e9 ce que vous aimeriez inventer comme rituel pour f\u00eater vos morts ? Peut-\u00eatre l&#8217;avez d\u00e9j\u00e0 fait, dans l&#8217;intimit\u00e9 de votre chagrin, pour tromper l&#8217;absence d&#8217;un \u00eatre cher&#8230; Mais collectivement, &#8230; Que fait-on ?<\/div>\n<\/div>\n<\/div>\n<p><\/a><\/p>\n<p><a href=\"https:\/\/e9i42.r.sp1-brevo.net\/mk\/mr\/sh\/6rqJ8GoudeITPxQLXVL9tXMltt2\/YBBtDlQvX2JY\"><\/p>\n<div class=\"Ka_Newsletters_bloc\">\n<div id=\"Ka_Newsletters_04\" class=\"Ka_Newsletters_Image\"><\/div>\n<div class=\"Ka_Newsletters_Description\">\n<div class=\"Ka_Newsletters_Date Ka_Dore\">D\u00e9cembre 2024<\/div>\n<div class=\"Ka_Newsletters_Slogan Ka_Dore\">Un kas\u00e0l\u00e0 pour No\u00ebl<\/div>\n<div class=\"Ka_newsletters_Teaser\">Le kas\u00e0l\u00e0 mosa\u00efque : un cocktail de f\u00eate !<br \/>\nPour Kas\u00e0lab aussi c&#8217;est l&#8217;heure du bilan. Du tout premier. Et il est bien color\u00e9.<br \/>\nColor\u00e9 de belles mosa\u00efques, dont chaque pi\u00e8ce a refl\u00e9t\u00e9 l&#8217;\u00e9clat de mots intimes, de petits bouts d&#8217;\u00e2mes. Des \u00e9motions et des larmes parfois, mises en musique par la po\u00e9sie.<\/div>\n<\/div>\n<\/div>\n<p><\/a><\/p>\n<\/div>\n<div class=\"masquer\">************************ BAS DE PAGE **************************<\/div>\n<div class=\"ACC_INTER_BLOC\" style=\"float:none;\"><\/div>\n<div id=\"CADRE_LOGO\" style=\"top:0; position:relative;\">\n<div id=\"CADRE_LOGO_MARQUE\"><\/div>\n<div id=\"CADRE_LOGO_BANDE\"><\/div>\n<div>\n<div id=\"CADRE_LOGO_IMAGE\"><\/div>\n<div id=\"CADRE_LOGO_FOND\"><\/div>\n<div id=\"CADRE_LOGO_LOGO\"><\/div>\n<div id=\"CADRE_LOGO_SLOGAN\">LA FABRIQUE DU LIEN<\/div>\n<\/div>\n<div id=\"CADRE_LOGO_TITRE\">L&#8217;\u00e9cole fran\u00e7aise de Kas\u00e0l\u00e0 contemporain<\/div>\n<div class=\"masquer\">******************* MENU DE BAS DE PAGE &#8211; A COPIER **************************<\/div>\n<div class=\"CADRE_LOGO_MENTIONS\">\n<li class=\"CADRE_LOGO_MENU\"><a style=\"color:rgb(181,139,84);\" href=\"https:\/\/lheurbleu.fr\/index.php\/mentions-legales\/\">Mentions l\u00e9gales<\/a><\/li>\n<li class=\"CADRE_LOGO_MENU\"><a href=\"https:\/\/lheurbleu.fr\/index.php\/nos_partenaires\/\" style=\"color:rgb(181,139,84);\">Nos partenaires<\/a><\/li>\n<li class=\"CADRE_LOGO_MENU\"><a style=\"color:rgb(181,139,84);\" href=\"mailto:kasalab75@gmail.com?subject=Demande de renseignement\">Nous contacter<\/a><\/li>\n<li class=\"CADRE_LOGO_MENU\"><a style=\"color:rgb(181,139,84);\" href=\"https:\/\/lheurbleu.fr\/index.php\/newsletter\/\">Recevoir la Newsletter<\/a><\/li>\n<\/div>\n<div id=\"CADRE_LOGO_LINKEDIN\"><a href=\"https:\/\/www.linkedin.com\/in\/marie-france-baroth-6998a461\/\">ln<\/a><\/div>\n<div id=\"CADRE_LOGO_INSTA\"><a href=\"https:\/\/www.instagram.com\/kasala.france\">Insta<\/a><\/div>\n<div class=\"masquer\">*************** MENU DE BAS DE PAGE &#8211; FIN DE BLOC A COPIER ******************<\/div>\n<\/div>\n<\/div>\n","protected":false},"excerpt":{"rendered":"<p>************************ ENTETE *********************************** ******************* MENU A COPIER ************************** A propos Prochaines formations Nos publications Kas\u00e0l\u00e0s \u00e0 d\u00e9couvrir FAQ Kas\u00e0l\u00e0b Documentaire \u00ab\u00a0kasaleo, la r\u00e9v\u00e9lation\u00a0\u00bb Calendrier Quelles formations choisir ? Eskales narratives Formations \u00e0 la demande Newsletters Articles LinkedIn Blog Podcast Livres sonores Kas\u00e0l\u00e0 \u00e0 mes lign\u00e9es Kas\u00e0l\u00e0 de l\u2019air Kas\u00e0l\u00e0 du serpent Le poing e Kas\u00e0l\u00e0 &hellip; <\/p>\n<p class=\"link-more\"><a href=\"https:\/\/lheurbleu.fr\/index.php\/newsletters\/\" class=\"more-link\">Continue reading<span class=\"screen-reader-text\"> &#8220;Newsletters&#8221;<\/span><\/a><\/p>\n","protected":false},"author":1,"featured_media":0,"parent":0,"menu_order":0,"comment_status":"closed","ping_status":"closed","template":"","meta":{"spay_email":""},"simple-restrict-permission":[],"jetpack-related-posts":[],"_links":{"self":[{"href":"https:\/\/lheurbleu.fr\/index.php\/wp-json\/wp\/v2\/pages\/2325"}],"collection":[{"href":"https:\/\/lheurbleu.fr\/index.php\/wp-json\/wp\/v2\/pages"}],"about":[{"href":"https:\/\/lheurbleu.fr\/index.php\/wp-json\/wp\/v2\/types\/page"}],"author":[{"embeddable":true,"href":"https:\/\/lheurbleu.fr\/index.php\/wp-json\/wp\/v2\/users\/1"}],"replies":[{"embeddable":true,"href":"https:\/\/lheurbleu.fr\/index.php\/wp-json\/wp\/v2\/comments?post=2325"}],"version-history":[{"count":15,"href":"https:\/\/lheurbleu.fr\/index.php\/wp-json\/wp\/v2\/pages\/2325\/revisions"}],"predecessor-version":[{"id":2579,"href":"https:\/\/lheurbleu.fr\/index.php\/wp-json\/wp\/v2\/pages\/2325\/revisions\/2579"}],"wp:attachment":[{"href":"https:\/\/lheurbleu.fr\/index.php\/wp-json\/wp\/v2\/media?parent=2325"}],"wp:term":[{"taxonomy":"simple-restrict-permission","embeddable":true,"href":"https:\/\/lheurbleu.fr\/index.php\/wp-json\/wp\/v2\/simple-restrict-permission?post=2325"}],"curies":[{"name":"wp","href":"https:\/\/api.w.org\/{rel}","templated":true}]}}