{"id":2345,"date":"2024-10-13T13:57:21","date_gmt":"2024-10-13T11:57:21","guid":{"rendered":"https:\/\/lheurbleu.fr\/?page_id=2345"},"modified":"2024-12-11T23:45:27","modified_gmt":"2024-12-11T22:45:27","slug":"a_propos_kasaleo","status":"publish","type":"page","link":"https:\/\/lheurbleu.fr\/index.php\/a_propos_kasaleo\/","title":{"rendered":"A_Propos_Kasaleo"},"content":{"rendered":"<div class=\"Ka_Fond_Article\">\n<div class=\"masquer\">************************ ENTETE ***********************************<\/div>\n<div class=\"ACC_INTER_BLOC\"><\/div>\n<p><a href=\"https:\/\/www.lheurbleu.fr\"><\/p>\n<div id=\"Ka_Entete\"><\/div>\n<p><\/a><\/p>\n<div class=\"ACC_INTER_BLOC\"><\/div>\n<div class=\"masquer\">******************* MENU A COPIER **************************<\/div>\n<div id=\"CADRE_LOGO_MENU\">\n<li class=\"CADRE_LOGO_LISTE\" id=\"CLL_1\" onclick=\"Ouvre_Menu(1)\">A propos<\/li>\n<li class=\"CADRE_LOGO_LISTE\" id=\"CLL_2\" onclick=\"Ouvre_Menu(2)\">Prochaines formations<\/li>\n<li class=\"CADRE_LOGO_LISTE\" id=\"CLL_3\" onclick=\"Ouvre_Menu(3)\">Nos publications<\/li>\n<li class=\"CADRE_LOGO_LISTE\" id=\"CLL_4\" onclick=\"Ouvre_Menu(4)\">Kas\u00e0l\u00e0s \u00e0 d\u00e9couvrir<\/li>\n<li class=\"CADRE_LOGO_LISTE\" id=\"CLL_5\"><a href=\"https:\/\/lheurbleu.fr\/index.php\/questions\/\">FAQ<\/a><\/li>\n<\/div>\n<div id=\"CADRE_LOGO_SOUS_MENU_1\" class=\"SOUS_MENU\" >\n<li class=\"CADRE_LOGO_SML_1\"><a href=\"https:\/\/lheurbleu.fr\/index.php\/a_propos_kasalab\">Kas\u00e0l\u00e0b<\/a><\/li>\n<li class=\"CADRE_LOGO_SML_1\"><a href=\"https:\/\/lheurbleu.fr\/index.php\/a_propos_kasaleo\">Documentaire \u00ab\u00a0kasaleo, la r\u00e9v\u00e9lation\u00a0\u00bb<\/a><\/li>\n<\/div>\n<div id=\"CADRE_LOGO_SOUS_MENU_2\" class=\"SOUS_MENU\" >\n<li class=\"CADRE_LOGO_SML_2\"><a href=\"https:\/\/lheurbleu.fr\/index.php\/calendrier\">Calendrier<\/a><\/li>\n<li class=\"CADRE_LOGO_SML_2\"><a href=\"https:\/\/lheurbleu.fr\/wp-content\/uploads\/Formations-Kasalab-3-volets.pdf\">Quelles formations choisir ?<\/a><\/li>\n<li class=\"CADRE_LOGO_SML_2\"><a href=\"https:\/\/lheurbleu.fr\/wp-content\/uploads\/triptyque-Kasalab.pdf\">Eskales narratives<\/a><\/li>\n<li class=\"CADRE_LOGO_SML_2\">Formations \u00e0 la demande<\/li>\n<\/div>\n<div id=\"CADRE_LOGO_SOUS_MENU_3\" class=\"SOUS_MENU\" >\n<li class=\"CADRE_LOGO_SML_3\"><a href=\"https:\/\/lheurbleu.fr\/index.php\/newsletters\">Newsletters<\/a><\/li>\n<li class=\"CADRE_LOGO_SML_3\">Articles LinkedIn<\/li>\n<li class=\"CADRE_LOGO_SML_3\">Blog<\/li>\n<li class=\"CADRE_LOGO_SML_3\">Podcast<\/li>\n<li class=\"CADRE_LOGO_SML_3\">Livres sonores<\/li>\n<\/div>\n<div id=\"CADRE_LOGO_SOUS_MENU_4\" class=\"SOUS_MENU\" >\n<li class=\"CADRE_LOGO_SML_4\"><a href=\"https:\/\/lheurbleu.fr\/index.php\/Kasala_01\">Kas\u00e0l\u00e0 \u00e0 mes lign\u00e9es<\/a><\/li>\n<li class=\"CADRE_LOGO_SML_4\"><a href=\"https:\/\/lheurbleu.fr\/index.php\/Kasala_02\">Kas\u00e0l\u00e0 de l\u2019air<\/a><\/li>\n<li class=\"CADRE_LOGO_SML_4\"><a href=\"https:\/\/lheurbleu.fr\/index.php\/Kasala_03\">Kas\u00e0l\u00e0 du serpent<\/a><\/li>\n<li class=\"CADRE_LOGO_SML_4\"><a href=\"https:\/\/lheurbleu.fr\/index.php\/Kasala_04\">Le poing e<\/a><\/li>\n<li \nclass=\"CADRE_LOGO_SML_4\"><a href=\"https:\/\/lheurbleu.fr\/index.php\/Kasala_05\">Kas\u00e0l\u00e0 mosa\u00efque<\/a><\/li>\n<\/div>\n<div id=\"CADRE_LOGO_SOUS_MENU_5\" class=\"SOUS_MENU\" >\n<li class=\"CADRE_LOGO_SML_5\"><a href=\"https:\/\/lheurbleu.fr\/index.php\/questions\/\">Questions<\/a><\/li>\n<\/div>\n<div class=\"masquer\">******************* FIN DE MENU A COPIER **************************<\/div>\n<div class=\"ACC_INTER_BLOC\"><\/div>\n<div class=\"masquer\">************************ NEWSLETTERS **************************<\/div>\n<div id=\"Ka_A_Propos_Kasaleo\">\n<div id=\"Ka_Kasaleo_Titre\" class=\"Ka_Titre\">Kasaleo, la r\u00e9v\u00e9lation<\/div>\n<div class=\"Ka_Kasaleo_Parag\">\nKasaleo, la r\u00e9v\u00e9lation est un touchant voyage \u00e0 travers le temps et les cultures, de Rimouski \u00e0 Kinshasa, en passant par Bruxelles, qui r\u00e9v\u00e8le la force transformatrice du kas\u00e0l\u00e0, une forme de po\u00e9sie africaine dont la parole vise \u00e0 affirmer la place d&#8217;un individu dans sa lign\u00e9e et sa communaut\u00e9. Cette minis\u00e9rie documentaire nous am\u00e8ne au coeur de la vie et des enseignements de Jean Kabuta, professeur \u00e0 Rimouski au Qu\u00e9bec, n\u00e9 au Congo, et \u00e0 la rencontre d&#8217;hommes et de femmes d&#8217;origines diverses qui ont en commun l&#8217;apprentissage et la pratique d&#8217;un kas\u00e0l\u00e0 contemporain.\n<\/div>\n<div  class=\"Ka_Sous_Titre Ka_Dore\">Bande annonce<\/div>\n<div class=\"Ka_Kasaleo_Video\">\n<div class=\"epyt-video-wrapper\">\n<div  id=\"_ytid_83300\"  width=\"525\" height=\"295\"  data-origwidth=\"525\" data-origheight=\"295\" data-facadesrc=\"https:\/\/www.youtube.com\/embed\/61VlaitVgcU?enablejsapi=1&#038;rel=1&#038;modestbranding=1&#038;autoplay=0&#038;cc_load_policy=0&#038;cc_lang_pref=&#038;iv_load_policy=1&#038;loop=0&#038;fs=1&#038;playsinline=0&#038;autohide=2&#038;theme=dark&#038;color=red&#038;controls=1&#038;\" class=\"__youtube_prefs__ epyt-facade epyt-is-override  no-lazyload\" data-epautoplay=\"1\" ><img data-spai-excluded=\"true\" class=\"epyt-facade-poster skip-lazy\" loading=\"lazy\"  alt=\"YouTube player\"  src=\"https:\/\/i0.wp.com\/i.ytimg.com\/vi\/61VlaitVgcU\/maxresdefault.jpg?w=525&#038;ssl=1\"  data-recalc-dims=\"1\" \/><button class=\"epyt-facade-play\" aria-label=\"Play\"><svg data-no-lazy=\"1\" height=\"100%\" version=\"1.1\" viewBox=\"0 0 68 48\" width=\"100%\"><path class=\"ytp-large-play-button-bg\" d=\"M66.52,7.74c-0.78-2.93-2.49-5.41-5.42-6.19C55.79,.13,34,0,34,0S12.21,.13,6.9,1.55 C3.97,2.33,2.27,4.81,1.48,7.74C0.06,13.05,0,24,0,24s0.06,10.95,1.48,16.26c0.78,2.93,2.49,5.41,5.42,6.19 C12.21,47.87,34,48,34,48s21.79-0.13,27.1-1.55c2.93-0.78,4.64-3.26,5.42-6.19C67.94,34.95,68,24,68,24S67.94,13.05,66.52,7.74z\" fill=\"#f00\"><\/path><path d=\"M 45,24 27,14 27,34\" fill=\"#fff\"><\/path><\/svg><\/button><\/div>\n<\/div>\n<\/div>\n<\/div>\n<div class=\"masquer\">************************ BAS DE PAGE **************************<\/div>\n<div class=\"ACC_INTER_BLOC\" style=\"float:none;\"><\/div>\n<div id=\"CADRE_LOGO\" style=\"top:0; position:relative;\">\n<div id=\"CADRE_LOGO_MARQUE\"><\/div>\n<div id=\"CADRE_LOGO_BANDE\"><\/div>\n<div>\n<div id=\"CADRE_LOGO_IMAGE\"><\/div>\n<div id=\"CADRE_LOGO_FOND\"><\/div>\n<div id=\"CADRE_LOGO_LOGO\"><\/div>\n<div id=\"CADRE_LOGO_SLOGAN\">LA FABRIQUE DU LIEN<\/div>\n<\/div>\n<div id=\"CADRE_LOGO_TITRE\">L&#8217;\u00e9cole fran\u00e7aise de Kas\u00e0l\u00e0 contemporain<\/div>\n<div class=\"masquer\">******************* MENU DE BAS DE PAGE &#8211; A COPIER **************************<\/div>\n<div class=\"CADRE_LOGO_MENTIONS\">\n<li class=\"CADRE_LOGO_MENU\"><a style=\"color:rgb(181,139,84);\" href=\"https:\/\/lheurbleu.fr\/index.php\/mentions-legales\/\">Mentions l\u00e9gales<\/a><\/li>\n<li class=\"CADRE_LOGO_MENU\"><a href=\"https:\/\/lheurbleu.fr\/index.php\/nos_partenaires\/\" style=\"color:rgb(181,139,84);\">Nos partenaires<\/a><\/li>\n<li class=\"CADRE_LOGO_MENU\"><a style=\"color:rgb(181,139,84);\" href=\"mailto:kasalab75@gmail.com?subject=Demande de renseignement\">Nous contacter<\/a><\/li>\n<li class=\"CADRE_LOGO_MENU\"><a style=\"color:rgb(181,139,84);\" href=\"https:\/\/lheurbleu.fr\/index.php\/newsletter\/\">Recevoir la Newsletter<\/a><\/li>\n<\/div>\n<div id=\"CADRE_LOGO_LINKEDIN\"><a href=\"https:\/\/www.linkedin.com\/in\/marie-france-baroth-6998a461\/\">ln<\/a><\/div>\n<div id=\"CADRE_LOGO_INSTA\"><a href=\"https:\/\/www.instagram.com\/kasala.france\">Insta<\/a><\/div>\n<div class=\"masquer\">*************** MENU DE BAS DE PAGE &#8211; FIN DE BLOC A COPIER ******************<\/div>\n<\/div>\n<\/div>\n","protected":false},"excerpt":{"rendered":"<p>************************ ENTETE *********************************** ******************* MENU A COPIER ************************** A propos Prochaines formations Nos publications Kas\u00e0l\u00e0s \u00e0 d\u00e9couvrir FAQ Kas\u00e0l\u00e0b Documentaire \u00ab\u00a0kasaleo, la r\u00e9v\u00e9lation\u00a0\u00bb Calendrier Quelles formations choisir ? Eskales narratives Formations \u00e0 la demande Newsletters Articles LinkedIn Blog Podcast Livres sonores Kas\u00e0l\u00e0 \u00e0 mes lign\u00e9es Kas\u00e0l\u00e0 de l\u2019air Kas\u00e0l\u00e0 du serpent Le poing e Kas\u00e0l\u00e0 &hellip; <\/p>\n<p class=\"link-more\"><a href=\"https:\/\/lheurbleu.fr\/index.php\/a_propos_kasaleo\/\" class=\"more-link\">Continue reading<span class=\"screen-reader-text\"> &#8220;A_Propos_Kasaleo&#8221;<\/span><\/a><\/p>\n","protected":false},"author":1,"featured_media":0,"parent":0,"menu_order":0,"comment_status":"closed","ping_status":"closed","template":"","meta":{"spay_email":""},"simple-restrict-permission":[],"jetpack-related-posts":[],"_links":{"self":[{"href":"https:\/\/lheurbleu.fr\/index.php\/wp-json\/wp\/v2\/pages\/2345"}],"collection":[{"href":"https:\/\/lheurbleu.fr\/index.php\/wp-json\/wp\/v2\/pages"}],"about":[{"href":"https:\/\/lheurbleu.fr\/index.php\/wp-json\/wp\/v2\/types\/page"}],"author":[{"embeddable":true,"href":"https:\/\/lheurbleu.fr\/index.php\/wp-json\/wp\/v2\/users\/1"}],"replies":[{"embeddable":true,"href":"https:\/\/lheurbleu.fr\/index.php\/wp-json\/wp\/v2\/comments?post=2345"}],"version-history":[{"count":7,"href":"https:\/\/lheurbleu.fr\/index.php\/wp-json\/wp\/v2\/pages\/2345\/revisions"}],"predecessor-version":[{"id":2570,"href":"https:\/\/lheurbleu.fr\/index.php\/wp-json\/wp\/v2\/pages\/2345\/revisions\/2570"}],"wp:attachment":[{"href":"https:\/\/lheurbleu.fr\/index.php\/wp-json\/wp\/v2\/media?parent=2345"}],"wp:term":[{"taxonomy":"simple-restrict-permission","embeddable":true,"href":"https:\/\/lheurbleu.fr\/index.php\/wp-json\/wp\/v2\/simple-restrict-permission?post=2345"}],"curies":[{"name":"wp","href":"https:\/\/api.w.org\/{rel}","templated":true}]}}