{"id":2374,"date":"2024-10-19T21:27:27","date_gmt":"2024-10-19T19:27:27","guid":{"rendered":"https:\/\/lheurbleu.fr\/?page_id=2374"},"modified":"2024-12-11T23:46:27","modified_gmt":"2024-12-11T22:46:27","slug":"kasala_01","status":"publish","type":"page","link":"https:\/\/lheurbleu.fr\/index.php\/kasala_01\/","title":{"rendered":"Kasala_01"},"content":{"rendered":"<div class=\"Ka_Fond_Article\">\n<div class=\"masquer\">************************ ENTETE ***********************************<\/div>\n<div class=\"ACC_INTER_BLOC\"><\/div>\n<p><a href=\"https:\/\/www.lheurbleu.fr\"><\/p>\n<div id=\"Ka_Entete\"><\/div>\n<p><\/a><\/p>\n<div class=\"ACC_INTER_BLOC\"><\/div>\n<div class=\"masquer\">******************* MENU A COPIER **************************<\/div>\n<div id=\"CADRE_LOGO_MENU\">\n<li class=\"CADRE_LOGO_LISTE\" id=\"CLL_1\" onclick=\"Ouvre_Menu(1)\">A propos<\/li>\n<li class=\"CADRE_LOGO_LISTE\" id=\"CLL_2\" onclick=\"Ouvre_Menu(2)\">Prochaines formations<\/li>\n<li class=\"CADRE_LOGO_LISTE\" id=\"CLL_3\" onclick=\"Ouvre_Menu(3)\">Nos publications<\/li>\n<li class=\"CADRE_LOGO_LISTE\" id=\"CLL_4\" onclick=\"Ouvre_Menu(4)\">Kas\u00e0l\u00e0s \u00e0 d\u00e9couvrir<\/li>\n<li class=\"CADRE_LOGO_LISTE\" id=\"CLL_5\"><a href=\"https:\/\/lheurbleu.fr\/index.php\/questions\/\">FAQ<\/a><\/li>\n<\/div>\n<div id=\"CADRE_LOGO_SOUS_MENU_1\" class=\"SOUS_MENU\" >\n<li class=\"CADRE_LOGO_SML_1\"><a href=\"https:\/\/lheurbleu.fr\/index.php\/a_propos_kasalab\">Kas\u00e0l\u00e0b<\/a><\/li>\n<li class=\"CADRE_LOGO_SML_1\"><a href=\"https:\/\/lheurbleu.fr\/index.php\/a_propos_kasaleo\">Documentaire \u00ab\u00a0kasaleo, la r\u00e9v\u00e9lation\u00a0\u00bb<\/a><\/li>\n<\/div>\n<div id=\"CADRE_LOGO_SOUS_MENU_2\" class=\"SOUS_MENU\" >\n<li class=\"CADRE_LOGO_SML_2\"><a href=\"https:\/\/lheurbleu.fr\/index.php\/calendrier\">Calendrier<\/a><\/li>\n<li class=\"CADRE_LOGO_SML_2\"><a href=\"https:\/\/lheurbleu.fr\/wp-content\/uploads\/Formations-Kasalab-3-volets.pdf\">Quelles formations choisir ?<\/a><\/li>\n<li class=\"CADRE_LOGO_SML_2\"><a href=\"https:\/\/lheurbleu.fr\/wp-content\/uploads\/triptyque-Kasalab.pdf\">Eskales narratives<\/a><\/li>\n<li class=\"CADRE_LOGO_SML_2\">Formations \u00e0 la demande<\/li>\n<\/div>\n<div id=\"CADRE_LOGO_SOUS_MENU_3\" class=\"SOUS_MENU\" >\n<li class=\"CADRE_LOGO_SML_3\"><a href=\"https:\/\/lheurbleu.fr\/index.php\/newsletters\">Newsletters<\/a><\/li>\n<li class=\"CADRE_LOGO_SML_3\">Articles LinkedIn<\/li>\n<li class=\"CADRE_LOGO_SML_3\">Blog<\/li>\n<li class=\"CADRE_LOGO_SML_3\">Podcast<\/li>\n<li class=\"CADRE_LOGO_SML_3\">Livres sonores<\/li>\n<\/div>\n<div id=\"CADRE_LOGO_SOUS_MENU_4\" class=\"SOUS_MENU\" >\n<li class=\"CADRE_LOGO_SML_4\"><a href=\"https:\/\/lheurbleu.fr\/index.php\/Kasala_01\">Kas\u00e0l\u00e0 \u00e0 mes lign\u00e9es<\/a><\/li>\n<li class=\"CADRE_LOGO_SML_4\"><a href=\"https:\/\/lheurbleu.fr\/index.php\/Kasala_02\">Kas\u00e0l\u00e0 de l\u2019air<\/a><\/li>\n<li class=\"CADRE_LOGO_SML_4\"><a href=\"https:\/\/lheurbleu.fr\/index.php\/Kasala_03\">Kas\u00e0l\u00e0 du serpent<\/a><\/li>\n<li class=\"CADRE_LOGO_SML_4\"><a href=\"https:\/\/lheurbleu.fr\/index.php\/Kasala_04\">Le poing e<\/a><\/li>\n<li \nclass=\"CADRE_LOGO_SML_4\"><a href=\"https:\/\/lheurbleu.fr\/index.php\/Kasala_05\">Kas\u00e0l\u00e0 mosa\u00efque<\/a><\/li>\n<\/div>\n<div id=\"CADRE_LOGO_SOUS_MENU_5\" class=\"SOUS_MENU\" >\n<li class=\"CADRE_LOGO_SML_5\"><a href=\"https:\/\/lheurbleu.fr\/index.php\/questions\/\">Questions<\/a><\/li>\n<\/div>\n<div class=\"masquer\">******************* FIN DE MENU A COPIER **************************<\/div>\n<div class=\"ACC_INTER_BLOC\"><\/div>\n<div class=\"masquer\">************ Kasalath\u00e8que **** Kas\u00e0l\u00e0 \u00e0 mes lign\u00e9es **************<\/div>\n<div id=\"Ka_Kasalatheque_1\" class=\"Ka_Kasalatheque\">\n<div id=\"Ka_Kasaleo_Titre\" class=\"Ka_Titre\">Kas\u00e0l\u00e0 \u00e0 mes lign\u00e9es<\/div>\n<div class=\"Ka_Kasaleo_Parag Ka_Centre\">\nJe suis Marie-France<br \/>\nJe suis Kalipo\u00ef\u00e8te<br \/>\nJe suis voix qui s\u2019\u00e9l\u00e8ve<br \/>\nEnrichie par mes transes<\/p>\n<p>Dans les vapeurs de mon premier inipi<br \/>\nMa m\u00e8re m\u2019a ceint la taille<br \/>\nD\u2019une robe de femme<br \/>\nSymbole de puissance<\/p>\n<p>Munie d\u2019une nouvelle force<br \/>\nDans le creux de mon ventre<br \/>\nJe fais taire mon dos<br \/>\nSa sublime souffrance<br \/>\nJe cultive la femme<br \/>\nGuerri\u00e8re qui avance<\/p>\n<p>\u00c0 l\u2019Ouest je rencontre<br \/>\nL\u2019aigle aux plumes royales<br \/>\nMon alli\u00e9 pour voler<br \/>\nM\u2019\u00e9loigner de mes cendres<br \/>\nJe le suis dans les airs<br \/>\nJe glisse sur le vent<br \/>\nLui confie ma douleur<br \/>\nMon ventre plein d\u2019absence<br \/>\nEt mon dos trop bavard<br \/>\nCaisse de r\u00e9sonance<\/p>\n<p>Mais la douleur qui dort<br \/>\nN\u2019est pas vraiment absente<\/p>\n<p>Puisque je peux voler<br \/>\nDe la terre des vivants<br \/>\nAu pays des anc\u00eatres<br \/>\nJe vais leur envoyer<br \/>\nMa douleur-poup\u00e9e<\/p>\n<p>Je vais leur laisser Jeanne<br \/>\nEt revenir vaillante<br \/>\nEt revenir soign\u00e9e<\/p>\n<p>Mais Jeanne qui prend naissance<br \/>\nMe regarde tr\u00e9bucher<\/p>\n<p>Voler n\u2019est pas jouer<br \/>\nL\u2019aigle aux ailes sublimes<br \/>\nDoit savoir marcher<br \/>\nSur la terre des vivants<br \/>\nChercher son \u00e9quilibre<br \/>\nEn toute humilit\u00e9<br \/>\nEt doit trouver une ancre<br \/>\nQuand monte la mar\u00e9e<br \/>\nDe la tristesse immense<\/p>\n<p>L\u2019apprentissage est l\u00e0<br \/>\nDans la communaut\u00e9<br \/>\nC\u2019est elle qui me maintient<br \/>\nDebout au bord des cendres<br \/>\nC\u2019est elle qui tient ma main<br \/>\nMe regarde trembler<br \/>\nM\u2019aide de sa confiance<\/p>\n<p>Gardienne du feu sacr\u00e9<br \/>\nJe suis celle qui dompte<br \/>\nSes vagues d\u2019\u00e9motions<br \/>\nQu\u2019elles d\u00e9ferlent ou d\u00e9bordent<br \/>\nMe voici digne<br \/>\nDress\u00e9e<\/p>\n<p>Le pass\u00e9 \u00e0 l\u2019Orient<br \/>\nSur le seuil du Levant<br \/>\nJe tourne le dos \u00e0 l\u2019Est<br \/>\nJe lance ma poup\u00e9e<br \/>\nLes flammes la transpercent<br \/>\nElles cr\u00e9pitent<br \/>\nMe redressent<br \/>\nMe soul\u00e8vent<br \/>\nMe d\u00e9lestent<\/p>\n<p>Je fais un nouveau pas<br \/>\nSous les yeux de mes m\u00e8res<br \/>\nDans le chant de mes s\u0153urs<br \/>\nFlorence Sophie Sonia<br \/>\nJ\u2019accomplis ma mission<br \/>\nSous la voute c\u00e9leste<br \/>\nSous le regard d\u2019Orion<\/p>\n<p>Je retourne dans le ventre<br \/>\nDe notre m\u00e8re la Terre<br \/>\nJe transpire et je chante<br \/>\nJe me fonds<br \/>\nJe me serre<br \/>\nJ\u2019accueille visions messages<br \/>\nEn \u00e9cho aux pri\u00e8res<br \/>\nJe rencontre mes grands-p\u00e8res<\/p>\n<p>Si je croyais devoir<br \/>\nLaisser le m\u00e2le en moi<br \/>\nPour devenir cette femme<br \/>\nQue j\u2019ai du mal \u00e0 \u00eatre<br \/>\nIls m\u2019invitent de leurs voix<br \/>\n\u00c0 redevenir enti\u00e8re<br \/>\nHomme et femme \u00e0 la fois<\/p>\n<p>Je noue mes deux lign\u00e9es<br \/>\nPour les r\u00e9concilier<br \/>\nIncarner comme femme<br \/>\nL\u2019autre f\u00e9condit\u00e9<br \/>\nCelle que les grossesses<br \/>\nExpulsent dans le n\u00e9ant<br \/>\nQui engloutit vorace<br \/>\nLes d\u00e9sirs les talents<br \/>\nDont ont \u00e9t\u00e9 priv\u00e9es<br \/>\nCelles qui m\u2019ont pr\u00e9c\u00e9d\u00e9e<br \/>\nPour avoir enfant\u00e9<\/p>\n<p>Quand les hommes me demandent<br \/>\nDe leur pr\u00eater ma force<br \/>\nPour consoler en eux<br \/>\nLe guerrier la pr\u00eatresse<br \/>\nEt que la branche d\u2019Adam<br \/>\nElle aussi se redresse<\/p>\n<p>C\u2019est encore avec vous<br \/>\nQue mes deux genres se nouent<br \/>\nAu rythme des tambours<br \/>\nDans le chant des anc\u00eatres<\/p>\n<p>Ils ne sont pas nos tombes<br \/>\nNous vivons de leur souffle<br \/>\nEt devenons ensemble<br \/>\nLa pulsation du monde<\/p>\n<p>Je suis Marie-France<br \/>\nJe suis Kalipo\u00ef\u00e8te<br \/>\nJe suis celle-qui-console<br \/>\nJe suis celle-qui-enfante-<br \/>\nDes-paroles-de-f\u00eate<\/p>\n<p><span class=\"Ka_Italic \">Najac, 17 septembre 2024<\/span>\n<\/div>\n<\/div>\n<div class=\"masquer\">************************ BAS DE PAGE **************************<\/div>\n<div class=\"ACC_INTER_BLOC\" style=\"float:none;\"><\/div>\n<div id=\"CADRE_LOGO\" style=\"top:0; position:relative;\">\n<div id=\"CADRE_LOGO_MARQUE\"><\/div>\n<div id=\"CADRE_LOGO_BANDE\"><\/div>\n<div>\n<div id=\"CADRE_LOGO_IMAGE\"><\/div>\n<div id=\"CADRE_LOGO_FOND\"><\/div>\n<div id=\"CADRE_LOGO_LOGO\"><\/div>\n<div id=\"CADRE_LOGO_SLOGAN\">LA FABRIQUE DU LIEN<\/div>\n<\/div>\n<div id=\"CADRE_LOGO_TITRE\">L&#8217;\u00e9cole fran\u00e7aise de Kas\u00e0l\u00e0 contemporain<\/div>\n<div class=\"masquer\">******************* MENU DE BAS DE PAGE &#8211; A COPIER **************************<\/div>\n<div class=\"CADRE_LOGO_MENTIONS\">\n<li class=\"CADRE_LOGO_MENU\"><a style=\"color:rgb(181,139,84);\" href=\"https:\/\/lheurbleu.fr\/index.php\/mentions-legales\/\">Mentions l\u00e9gales<\/a><\/li>\n<li class=\"CADRE_LOGO_MENU\"><a href=\"https:\/\/lheurbleu.fr\/index.php\/nos_partenaires\/\" style=\"color:rgb(181,139,84);\">Nos partenaires<\/a><\/li>\n<li class=\"CADRE_LOGO_MENU\"><a style=\"color:rgb(181,139,84);\" href=\"mailto:kasalab75@gmail.com?subject=Demande de renseignement\">Nous contacter<\/a><\/li>\n<li class=\"CADRE_LOGO_MENU\"><a style=\"color:rgb(181,139,84);\" href=\"https:\/\/lheurbleu.fr\/index.php\/newsletter\/\">Recevoir la Newsletter<\/a><\/li>\n<\/div>\n<div id=\"CADRE_LOGO_LINKEDIN\"><a href=\"https:\/\/www.linkedin.com\/in\/marie-france-baroth-6998a461\/\">ln<\/a><\/div>\n<div id=\"CADRE_LOGO_INSTA\"><a href=\"https:\/\/www.instagram.com\/kasala.france\">Insta<\/a><\/div>\n<div class=\"masquer\">*************** MENU DE BAS DE PAGE &#8211; FIN DE BLOC A COPIER ******************<\/div>\n<\/div>\n<\/div>\n","protected":false},"excerpt":{"rendered":"<p>************************ ENTETE *********************************** ******************* MENU A COPIER ************************** A propos Prochaines formations Nos publications Kas\u00e0l\u00e0s \u00e0 d\u00e9couvrir FAQ Kas\u00e0l\u00e0b Documentaire \u00ab\u00a0kasaleo, la r\u00e9v\u00e9lation\u00a0\u00bb Calendrier Quelles formations choisir ? Eskales narratives Formations \u00e0 la demande Newsletters Articles LinkedIn Blog Podcast Livres sonores Kas\u00e0l\u00e0 \u00e0 mes lign\u00e9es Kas\u00e0l\u00e0 de l\u2019air Kas\u00e0l\u00e0 du serpent Le poing e Kas\u00e0l\u00e0 &hellip; <\/p>\n<p class=\"link-more\"><a href=\"https:\/\/lheurbleu.fr\/index.php\/kasala_01\/\" class=\"more-link\">Continue reading<span class=\"screen-reader-text\"> &#8220;Kasala_01&#8221;<\/span><\/a><\/p>\n","protected":false},"author":1,"featured_media":0,"parent":0,"menu_order":0,"comment_status":"closed","ping_status":"closed","template":"","meta":{"spay_email":""},"simple-restrict-permission":[],"jetpack-related-posts":[],"_links":{"self":[{"href":"https:\/\/lheurbleu.fr\/index.php\/wp-json\/wp\/v2\/pages\/2374"}],"collection":[{"href":"https:\/\/lheurbleu.fr\/index.php\/wp-json\/wp\/v2\/pages"}],"about":[{"href":"https:\/\/lheurbleu.fr\/index.php\/wp-json\/wp\/v2\/types\/page"}],"author":[{"embeddable":true,"href":"https:\/\/lheurbleu.fr\/index.php\/wp-json\/wp\/v2\/users\/1"}],"replies":[{"embeddable":true,"href":"https:\/\/lheurbleu.fr\/index.php\/wp-json\/wp\/v2\/comments?post=2374"}],"version-history":[{"count":7,"href":"https:\/\/lheurbleu.fr\/index.php\/wp-json\/wp\/v2\/pages\/2374\/revisions"}],"predecessor-version":[{"id":2573,"href":"https:\/\/lheurbleu.fr\/index.php\/wp-json\/wp\/v2\/pages\/2374\/revisions\/2573"}],"wp:attachment":[{"href":"https:\/\/lheurbleu.fr\/index.php\/wp-json\/wp\/v2\/media?parent=2374"}],"wp:term":[{"taxonomy":"simple-restrict-permission","embeddable":true,"href":"https:\/\/lheurbleu.fr\/index.php\/wp-json\/wp\/v2\/simple-restrict-permission?post=2374"}],"curies":[{"name":"wp","href":"https:\/\/api.w.org\/{rel}","templated":true}]}}