{"id":2377,"date":"2024-10-19T21:28:35","date_gmt":"2024-10-19T19:28:35","guid":{"rendered":"https:\/\/lheurbleu.fr\/?page_id=2377"},"modified":"2024-12-11T23:46:49","modified_gmt":"2024-12-11T22:46:49","slug":"kasala_02","status":"publish","type":"page","link":"https:\/\/lheurbleu.fr\/index.php\/kasala_02\/","title":{"rendered":"Kasala_02"},"content":{"rendered":"<div class=\"Ka_Fond_Article\">\n<div class=\"masquer\">************************ ENTETE ***********************************<\/div>\n<div class=\"ACC_INTER_BLOC\"><\/div>\n<p><a href=\"https:\/\/www.lheurbleu.fr\"><\/p>\n<div id=\"Ka_Entete\"><\/div>\n<p><\/a><\/p>\n<div class=\"ACC_INTER_BLOC\"><\/div>\n<div class=\"masquer\">******************* MENU A COPIER **************************<\/div>\n<div id=\"CADRE_LOGO_MENU\">\n<li class=\"CADRE_LOGO_LISTE\" id=\"CLL_1\" onclick=\"Ouvre_Menu(1)\">A propos<\/li>\n<li class=\"CADRE_LOGO_LISTE\" id=\"CLL_2\" onclick=\"Ouvre_Menu(2)\">Prochaines formations<\/li>\n<li class=\"CADRE_LOGO_LISTE\" id=\"CLL_3\" onclick=\"Ouvre_Menu(3)\">Nos publications<\/li>\n<li class=\"CADRE_LOGO_LISTE\" id=\"CLL_4\" onclick=\"Ouvre_Menu(4)\">Kas\u00e0l\u00e0s \u00e0 d\u00e9couvrir<\/li>\n<li class=\"CADRE_LOGO_LISTE\" id=\"CLL_5\"><a href=\"https:\/\/lheurbleu.fr\/index.php\/questions\/\">FAQ<\/a><\/li>\n<\/div>\n<div id=\"CADRE_LOGO_SOUS_MENU_1\" class=\"SOUS_MENU\" >\n<li class=\"CADRE_LOGO_SML_1\"><a href=\"https:\/\/lheurbleu.fr\/index.php\/a_propos_kasalab\">Kas\u00e0l\u00e0b<\/a><\/li>\n<li class=\"CADRE_LOGO_SML_1\"><a href=\"https:\/\/lheurbleu.fr\/index.php\/a_propos_kasaleo\">Documentaire \u00ab\u00a0kasaleo, la r\u00e9v\u00e9lation\u00a0\u00bb<\/a><\/li>\n<\/div>\n<div id=\"CADRE_LOGO_SOUS_MENU_2\" class=\"SOUS_MENU\" >\n<li class=\"CADRE_LOGO_SML_2\"><a href=\"https:\/\/lheurbleu.fr\/index.php\/calendrier\">Calendrier<\/a><\/li>\n<li class=\"CADRE_LOGO_SML_2\"><a href=\"https:\/\/lheurbleu.fr\/wp-content\/uploads\/Formations-Kasalab-3-volets.pdf\">Quelles formations choisir ?<\/a><\/li>\n<li class=\"CADRE_LOGO_SML_2\"><a href=\"https:\/\/lheurbleu.fr\/wp-content\/uploads\/triptyque-Kasalab.pdf\">Eskales narratives<\/a><\/li>\n<li class=\"CADRE_LOGO_SML_2\">Formations \u00e0 la demande<\/li>\n<\/div>\n<div id=\"CADRE_LOGO_SOUS_MENU_3\" class=\"SOUS_MENU\" >\n<li class=\"CADRE_LOGO_SML_3\"><a href=\"https:\/\/lheurbleu.fr\/index.php\/newsletters\">Newsletters<\/a><\/li>\n<li class=\"CADRE_LOGO_SML_3\">Articles LinkedIn<\/li>\n<li class=\"CADRE_LOGO_SML_3\">Blog<\/li>\n<li class=\"CADRE_LOGO_SML_3\">Podcast<\/li>\n<li class=\"CADRE_LOGO_SML_3\">Livres sonores<\/li>\n<\/div>\n<div id=\"CADRE_LOGO_SOUS_MENU_4\" class=\"SOUS_MENU\" >\n<li class=\"CADRE_LOGO_SML_4\"><a href=\"https:\/\/lheurbleu.fr\/index.php\/Kasala_01\">Kas\u00e0l\u00e0 \u00e0 mes lign\u00e9es<\/a><\/li>\n<li class=\"CADRE_LOGO_SML_4\"><a href=\"https:\/\/lheurbleu.fr\/index.php\/Kasala_02\">Kas\u00e0l\u00e0 de l\u2019air<\/a><\/li>\n<li class=\"CADRE_LOGO_SML_4\"><a href=\"https:\/\/lheurbleu.fr\/index.php\/Kasala_03\">Kas\u00e0l\u00e0 du serpent<\/a><\/li>\n<li class=\"CADRE_LOGO_SML_4\"><a href=\"https:\/\/lheurbleu.fr\/index.php\/Kasala_04\">Le poing e<\/a><\/li>\n<li \nclass=\"CADRE_LOGO_SML_4\"><a href=\"https:\/\/lheurbleu.fr\/index.php\/Kasala_05\">Kas\u00e0l\u00e0 mosa\u00efque<\/a><\/li>\n<\/div>\n<div id=\"CADRE_LOGO_SOUS_MENU_5\" class=\"SOUS_MENU\" >\n<li class=\"CADRE_LOGO_SML_5\"><a href=\"https:\/\/lheurbleu.fr\/index.php\/questions\/\">Questions<\/a><\/li>\n<\/div>\n<div class=\"masquer\">******************* FIN DE MENU A COPIER **************************<\/div>\n<div class=\"ACC_INTER_BLOC\"><\/div>\n<div class=\"masquer\">************ Kasalath\u00e8que **** Kas\u00e0l\u00e0 de l\u2019air **************<\/div>\n<div id=\"Ka_Kasalatheque_2\" class=\"Ka_Kasalatheque\">\n<div id=\"Ka_Kasaleo_Titre\" class=\"Ka_Titre\">Kas\u00e0l\u00e0 de l\u2019air<\/div>\n<div class=\"Ka_Kasaleo_Parag Ka_Centre\">\n<p><span class=\"Ka_SpG\">D\u2019abord je ne suis rien<\/span><span class=\"Ka_SpD\">Qu\u2019un mince filet<\/span><br \/>\n<span class=\"Ka_SpG\">Une bonne nouvelle<\/span><span class=\"Ka_SpD\">Une cause de joie<\/span><br \/>\n<span>Le cri du nouveau n\u00e9<\/span><\/p>\n<p><span class=\"Ka_SpG\">Je suis la transparence<\/span><span class=\"Ka_SpD\">Qui entoure les choses<\/span><br \/>\n<span class=\"Ka_SpG\">Et bien qu\u2019invisible<\/span><span class=\"Ka_SpD\">Je fais de grandes choses<\/span><br \/>\n<span class=\"Ka_SpG\">Je fais danser les feuilles<\/span><span class=\"Ka_SpD\">Et parfois m\u00eame elles chantent<\/span><br \/>\n<span class=\"Ka_SpG\">Je m\u2019insinue partout<\/span><span class=\"Ka_SpD\">Aussi s\u00fbrement que l\u2019eau<\/span><br \/>\n<span class=\"Ka_SpG\">Quand elle inonde et noie<\/span><span class=\"Ka_SpD\">C\u2019est de moi que l\u2019on manque<\/span><\/p>\n<p><span class=\"Ka_SpG\">Je suis dans le murmure<\/span><span class=\"Ka_SpD\">De tous les mots d\u2019amour<\/span><br \/>\n<span class=\"Ka_SpG\">Vaisseau de vos pri\u00e8res<\/span><span class=\"Ka_SpD\">Je les emporte au ciel<\/span><br \/>\n<span>Aupr\u00e8s de vos anciens, des Saints, chez l\u2019Eternel<\/span><br \/>\n<span>Pour qu\u2019il vous exauce, vous pardonne et vous aime<\/span><\/p>\n<p><span class=\"Ka_SpG\">Je suis son et musique<\/span><span class=\"Ka_SpD\">Je fais chanter vos notes<\/span><br \/>\n<span class=\"Ka_SpG\">Je cours dans les cuivres<\/span><span class=\"Ka_SpD\">De vos instruments<\/span><br \/>\n<span>Je file entre les cordes, pinc\u00e9es, frapp\u00e9es, frott\u00e9es<\/span><\/span><br \/>\n<span class=\"Ka_SpG\">Complice du marteau<\/span><span class=\"Ka_SpD\">De la main, de l\u2019archet<\/span><br \/>\n<span class=\"Ka_SpG\">D\u2019abord je me comprime<\/span><span class=\"Ka_SpD\">Et puis je me r\u00e9pands<\/span><br \/>\n<span>Je vibre, j\u2019\u00e9clate, je toque<\/span><br \/>\n<span>Sans moi, tout est muet<\/span><\/p>\n<p><span class=\"Ka_SpG\">Mais si vos instruments<\/span><span class=\"Ka_SpD\">Peuvent me mettre en sourdine<\/span><br \/>\n<span class=\"Ka_SpG\">Et que par envie, par jeu<\/span><span class=\"Ka_SpD\">Je suis vos m\u00e9lodies<\/span><br \/>\n<span class=\"Ka_SpG\">Je ne suis pas que doux, gracieux<\/span><span class=\"Ka_SpD\">Ni sonatine<\/span><br \/>\n<span>Prenez garde  !<\/span><br \/>\n<span>Vous pourriez subir mon courroux<\/span><\/p>\n<p><span class=\"Ka_SpG\">Car l\u2019air de rien<\/span><span class=\"Ka_SpD\">Je suis puissant<\/span><br \/>\n<span class=\"Ka_SpG\">Si je le veux, je peux<\/span><span class=\"Ka_SpD\">Soulever vos avions<\/span><br \/>\n<span class=\"Ka_SpG\">Vos fus\u00e9es, vos navettes<\/span><span class=\"Ka_SpD\">Qui veulent traverser<\/span><br \/>\n<span class=\"Ka_SpG\">Dans un sens ou dans l\u2019autre<\/span><span class=\"Ka_SpD\">La terrestre atmosph\u00e8re<\/span><br \/>\n<span class=\"Ka_SpG\">Mais je pr\u00e9f\u00e8re porter<\/span><span class=\"Ka_SpD\">Sur mes ailes aimantes<\/span><br \/>\n<span class=\"Ka_SpG\">Les ailes des oiseaux<\/span><span class=\"Ka_SpD\">Le vol des montgolfi\u00e8res<\/span><\/p>\n<p><span class=\"Ka_SpG\">Je peux dresser les eaux<\/span><span class=\"Ka_SpD\">Mettre \u00e0 l\u2019envers les mers<\/span><br \/>\n<span class=\"Ka_SpG\">Les oc\u00e9ans<\/span><span class=\"Ka_SpD\">Je suis le vent qui souffle et vocif\u00e8re<\/span><br \/>\n<span class=\"Ka_SpG\">Je temp\u00eate, je nourris<\/span><span class=\"Ka_SpD\">Et fais courir le feu<\/span><br \/>\n<span class=\"Ka_SpG\">Je r\u00e9duis \u00e0 n\u00e9ant<\/span><span class=\"Ka_SpD\">Tous vos efforts humains<\/span><br \/>\n<span class=\"Ka_SpG\">Entre Terre et Soleil<\/span><span class=\"Ka_SpD\">Il faillait bien un Ciel<\/span><br \/>\n<span class=\"Ka_SpG\">Pour la photosynth\u00e8se<\/span><span class=\"Ka_SpD\">La croissance et le sel<\/span><br \/>\n<span class=\"Ka_SpG\">Que tout vive<\/span><span class=\"Ka_SpD\">Et devienne<\/span><br \/>\n<span class=\"Ka_SpG\">Je suis l\u2019alli\u00e9 du temps<\/span><span class=\"Ka_SpD\">Je suis le temps qu\u2019il fait<\/span><br \/>\n<span class=\"Ka_SpG\">Le Ma\u00eetre de ballet<\/span><span class=\"Ka_SpD\">Et berger des nuages<\/span><\/p>\n<p><span class=\"Ka_SpG\">Vous \u00eates mes h\u00f4tes<\/span><span class=\"Ka_SpD\">Comme ceux de la Terre<\/span><br \/>\n<span class=\"Ka_SpG\">Depuis si longtemps<\/span><span class=\"Ka_SpD\">Que je vous connais bien<\/span><br \/>\n<span class=\"Ka_SpG\">Je sais que mon discours<\/span><span class=\"Ka_SpD\">Mentalement vous convainc<\/span><br \/>\n<span class=\"Ka_SpG\">Mais votre orgueil immense<\/span><span class=\"Ka_SpD\">Va vous faire esp\u00e9rer<\/span><br \/>\n<span class=\"Ka_SpG\">\u00c9crire la partition<\/span><span class=\"Ka_SpD\">Etre ma\u00eetre r\u00e9gner<\/span><\/p>\n<p><span class=\"Ka_SpG\">Vous vous croyez toujours<\/span><span class=\"Ka_SpD\">Fleuron de la Nature<\/span><br \/>\n<span class=\"Ka_SpG\">Chef d\u2019oeuvre indispensable<\/span><span class=\"Ka_SpD\">A l\u2019image de Dieu<\/span><br \/>\n<span class=\"Ka_SpG\">Mais \u00e0 les fatiguer<\/span><span class=\"Ka_SpD\">Avec tous vos exc\u00e8s<\/span><br \/>\n<span class=\"Ka_SpG\">La Nature et Dieu<\/span><span class=\"Ka_SpD\">Pourraient bien se r\u00e9soudre<\/span><br \/>\n<span>\u00c0 vous r\u00e9duire \u00e0 l\u2019\u00e9tat de regret<\/span><br \/>\n<span>De finale imposture<\/span><\/p>\n<p><span class=\"Ka_SpG\">Vous \u00eates faits pour apprendre<\/span><span class=\"Ka_SpD\">Et vous n\u2019apprenez pas<\/span><br \/>\n<span class=\"Ka_SpG\">N2  O2  Argon\u2026<\/span><span class=\"Ka_SpD\">Je ne suis pas cela<\/span><br \/>\n<span class=\"Ka_SpG\">Je suis l\u2019intangible<\/span><span class=\"Ka_SpD\">Au del\u00e0 des consciences<\/span><br \/>\n<span>Je suis souffle divin<\/span><br \/>\n<span class=\"Ka_SpG\">J\u2019arrive, vous naissez<\/span><span class=\"Ka_SpD\">Je repars, c\u2019est la fin<\/span><br \/>\n<span class=\"Ka_SpG\">M\u00e9ditez, essayez<\/span><span class=\"Ka_SpD\">De vous nourrir de moi<\/span><br \/>\n<span class=\"Ka_SpG\">Exhalez votre \u00e9go<\/span><span class=\"Ka_SpD\">Exercez votre foi<\/span><br \/>\n<span>Vivez le Numineux<\/span><br \/>\n<span class=\"Ka_SpG\">Le Divin est en vous<\/span><span class=\"Ka_SpD\">Pas en de vains exploits<\/span><br \/>\n<span class=\"Ka_SpG\">Si c\u2019est trop difficile<\/span><span class=\"Ka_SpD\">Je suis aussi parole<\/span><br \/>\n<span class=\"Ka_SpG\">Et c\u2019est un bon d\u00e9but<\/span><span class=\"Ka_SpD\">Offrez des kas\u00e0l\u00e0s<\/span><\/p>\n<p><span class=\"Ka_Italic\">Marie-France &#8211; 19 ao\u00fbt 2021<\/span><\/p>\n<\/div>\n<\/div>\n<div class=\"masquer\">************************ BAS DE PAGE **************************<\/div>\n<div class=\"ACC_INTER_BLOC\" style=\"float:none;\"><\/div>\n<div id=\"CADRE_LOGO\" style=\"top:0; position:relative;\">\n<div id=\"CADRE_LOGO_MARQUE\"><\/div>\n<div id=\"CADRE_LOGO_BANDE\"><\/div>\n<div>\n<div id=\"CADRE_LOGO_IMAGE\"><\/div>\n<div id=\"CADRE_LOGO_FOND\"><\/div>\n<div id=\"CADRE_LOGO_LOGO\"><\/div>\n<div id=\"CADRE_LOGO_SLOGAN\">LA FABRIQUE DU LIEN<\/div>\n<\/div>\n<div id=\"CADRE_LOGO_TITRE\">L&#8217;\u00e9cole fran\u00e7aise de Kas\u00e0l\u00e0 contemporain<\/div>\n<div class=\"masquer\">******************* MENU DE BAS DE PAGE &#8211; A COPIER **************************<\/div>\n<div class=\"CADRE_LOGO_MENTIONS\">\n<li class=\"CADRE_LOGO_MENU\"><a style=\"color:rgb(181,139,84);\" href=\"https:\/\/lheurbleu.fr\/index.php\/mentions-legales\/\">Mentions l\u00e9gales<\/a><\/li>\n<li class=\"CADRE_LOGO_MENU\"><a href=\"https:\/\/lheurbleu.fr\/index.php\/nos_partenaires\/\" style=\"color:rgb(181,139,84);\">Nos partenaires<\/a><\/li>\n<li class=\"CADRE_LOGO_MENU\"><a style=\"color:rgb(181,139,84);\" href=\"mailto:kasalab75@gmail.com?subject=Demande de renseignement\">Nous contacter<\/a><\/li>\n<li class=\"CADRE_LOGO_MENU\"><a style=\"color:rgb(181,139,84);\" href=\"https:\/\/lheurbleu.fr\/index.php\/newsletter\/\">Recevoir la Newsletter<\/a><\/li>\n<\/div>\n<div id=\"CADRE_LOGO_LINKEDIN\"><a href=\"https:\/\/www.linkedin.com\/in\/marie-france-baroth-6998a461\/\">ln<\/a><\/div>\n<div id=\"CADRE_LOGO_INSTA\"><a href=\"https:\/\/www.instagram.com\/kasala.france\">Insta<\/a><\/div>\n<div class=\"masquer\">*************** MENU DE BAS DE PAGE &#8211; FIN DE BLOC A COPIER ******************<\/div>\n<\/div>\n<\/div>\n","protected":false},"excerpt":{"rendered":"<p>************************ ENTETE *********************************** ******************* MENU A COPIER ************************** A propos Prochaines formations Nos publications Kas\u00e0l\u00e0s \u00e0 d\u00e9couvrir FAQ Kas\u00e0l\u00e0b Documentaire \u00ab\u00a0kasaleo, la r\u00e9v\u00e9lation\u00a0\u00bb Calendrier Quelles formations choisir ? Eskales narratives Formations \u00e0 la demande Newsletters Articles LinkedIn Blog Podcast Livres sonores Kas\u00e0l\u00e0 \u00e0 mes lign\u00e9es Kas\u00e0l\u00e0 de l\u2019air Kas\u00e0l\u00e0 du serpent Le poing e Kas\u00e0l\u00e0 &hellip; <\/p>\n<p class=\"link-more\"><a href=\"https:\/\/lheurbleu.fr\/index.php\/kasala_02\/\" class=\"more-link\">Continue reading<span class=\"screen-reader-text\"> &#8220;Kasala_02&#8221;<\/span><\/a><\/p>\n","protected":false},"author":1,"featured_media":0,"parent":0,"menu_order":0,"comment_status":"closed","ping_status":"closed","template":"","meta":{"spay_email":""},"simple-restrict-permission":[],"jetpack-related-posts":[],"_links":{"self":[{"href":"https:\/\/lheurbleu.fr\/index.php\/wp-json\/wp\/v2\/pages\/2377"}],"collection":[{"href":"https:\/\/lheurbleu.fr\/index.php\/wp-json\/wp\/v2\/pages"}],"about":[{"href":"https:\/\/lheurbleu.fr\/index.php\/wp-json\/wp\/v2\/types\/page"}],"author":[{"embeddable":true,"href":"https:\/\/lheurbleu.fr\/index.php\/wp-json\/wp\/v2\/users\/1"}],"replies":[{"embeddable":true,"href":"https:\/\/lheurbleu.fr\/index.php\/wp-json\/wp\/v2\/comments?post=2377"}],"version-history":[{"count":7,"href":"https:\/\/lheurbleu.fr\/index.php\/wp-json\/wp\/v2\/pages\/2377\/revisions"}],"predecessor-version":[{"id":2574,"href":"https:\/\/lheurbleu.fr\/index.php\/wp-json\/wp\/v2\/pages\/2377\/revisions\/2574"}],"wp:attachment":[{"href":"https:\/\/lheurbleu.fr\/index.php\/wp-json\/wp\/v2\/media?parent=2377"}],"wp:term":[{"taxonomy":"simple-restrict-permission","embeddable":true,"href":"https:\/\/lheurbleu.fr\/index.php\/wp-json\/wp\/v2\/simple-restrict-permission?post=2377"}],"curies":[{"name":"wp","href":"https:\/\/api.w.org\/{rel}","templated":true}]}}