{"id":8,"date":"2020-06-21T17:51:36","date_gmt":"2020-06-21T15:51:36","guid":{"rendered":"http:\/\/lheurbleu.fr\/?page_id=8"},"modified":"2024-12-29T15:24:42","modified_gmt":"2024-12-29T14:24:42","slug":"accueil","status":"publish","type":"page","link":"https:\/\/lheurbleu.fr\/","title":{"rendered":"Accueil"},"content":{"rendered":"<div class=\"masquer\">******************* PAGE D&#8217;ACCUEIL &#8211; CAROUSEL **************************<\/div>\n<div id=\"ACC_PAGE\">\n<div id=\"ACC_SUJET_1\" class=\"ACC_HAUT\" onclick=\"Stop_Carousel('1')\">\n<div id=\"ACC_NEW_1\" class=\"ACC_NEW\">IN\u00c9DIT !<\/div>\n<div id=\"ACC_CADRE_1\" class=\"ACC_CADRE\">\n<li class=\"ACC_TITRE\">Kas\u00e0l\u00e0 et narrative en Corse<\/li>\n<li id=\"ACC_DATE_1\" class=\"ACC_DATE\"> du 22 au 27 mai<\/li>\n<div id=\"ACC_TEXTE_1\" class=\"ACC_TEXTE\"><span>Un d\u00e9cor de r\u00eave pour d\u00e9couvrir l\u2019union du kas\u00e0l\u00e0 et des pratiques narratives en Corse en mai 2025 :<\/span><\/p>\n<li class=\"ACC_LISTE_TOP\">apprendre \u00e0 cr\u00e9er des liens en un temps record<\/li>\n<li class=\"ACC_LISTE\">solidariser une \u00e9quipe<\/li>\n<li class=\"ACC_LISTE\">c\u00e9l\u00e9brer et ritualiser les transitions avec impact et po\u00e9sie<\/li>\n<li class=\"ACC_LISTE\">me projeter avec mes nouvelles comp\u00e9tences<\/li>\n<li class=\"ACC_LISTE\">renouveler mon style et mon inspiration<\/li>\n<li class=\"ACC_LISTE\">tout en prenant du recul et du plaisir<\/li>\n<li class=\"ACC_LISTE\">log\u00e9.e dans une villa \u00e0 200 m\u00e8tres de la plus belle plage de Balagne<\/li>\n<\/div>\n<div class=\"ACC_BOUTON\" id=\"ACC_BOUTON_1\"><a href=\"https:\/\/www.helloasso.com\/associations\/kasalab\/evenements\/eskale-narrative-en-corse-inscription\" style=\"color:rgb(181,139,84);\"><span style=\"color:whitesmoke\">Je m\u2019inscris<br \/>\nau tarif<\/span><span style=\"color:rgb(181,139,84);\"> early bird<\/span><\/a><\/div>\n<\/div>\n<\/div>\n<div id=\"ACC_SUJET_2\" class=\"ACC_HAUT\" onclick=\"Stop_Carousel('2')\">\n<div id=\"ACC_NEW_2\" class=\"ACC_NEW\">NOUVEAU !<\/div>\n<div id=\"ACC_CADRE_2\" class=\"ACC_CADRE\">\n<li class=\"ACC_TITRE\">Mon kas\u00e0l\u00e0 h\u00e9ritage<\/li>\n<li id=\"ACC_DATE_2\" class=\"ACC_DATE\">le 7 d\u00e9cembre en ligne<\/li>\n<div id=\"ACC_TEXTE_2\" class=\"ACC_TEXTE\">\n<li class=\"ACC_LISTE_SANS\">Je fais mon testament po\u00e9tique et je dessine mon arbre de transmission en faisant l\u2019inventaire de ce que je veux l\u00e9guer au monde<\/li>\n<p><span><\/span><\/p>\n<li class=\"ACC_LISTE_SANS\">Un rituel de transmission et de transformation enrichissant que je pourrai r\u00e9utiliser dans mes accompagnements<\/li>\n<\/div>\n<div class=\"ACC_BOUTON\"><a href=\"https:\/\/www.helloasso.com\/associations\/kasalab\/evenements\/mon-kasala-heritage\" style=\"color:rgb(181,139,84)\">Je transmets le meilleur de moi avec le kas\u00e0l\u00e0<\/a><\/div>\n<\/div>\n<\/div>\n<div id=\"ACC_SUJET_3\" class=\"ACC_HAUT\" onclick=\"Stop_Carousel('3')\">\n<div id=\"ACC_NEW_3\" class=\"ACC_NEW\">NOUVEAU !<\/div>\n<div id=\"ACC_CADRE_3\" class=\"ACC_CADRE\">\n<li class=\"ACC_TITRE ubuntu-bold\">Moka&#8217;Sala<\/li>\n<li id=\"ACC_DATE_3\" class=\"ACC_DATE ubuntu-regular\">le 28 d\u00e9cembre 2024<\/li>\n<div id=\"ACC_TEXTE_3\" class=\"ACC_TEXTE\">\n<li class=\"ACC_LISTE_SANS ubuntu-regular\" style=\"font-size:larger; color:rgb(181,139,84);\">Gratuit et en ligne<\/li>\n<p><span><\/span><\/p>\n<li class=\"ACC_LISTE_SANS ubuntu-regular\">Tu veux partager ta po\u00e9sie et un caf\u00e9<\/li>\n<li class=\"ACC_LISTE_SANS ubuntu-regular\">avec la communaut\u00e9 du kas\u00e0la ? Rejoins-nous !<\/li>\n<li class=\"ACC_LISTE_SANS ubuntu-regular\">On va d\u00e9clamer, jaser, s&#8217;\u00e9mouvoir,<\/li>\n<li class=\"ACC_LISTE_SANS ubuntu-regular\">se r\u00e9chauffer le coeur et le gosier.<\/li>\n<\/div>\n<div class=\"ACC_BOUTON ubuntu-regular\"><a href=\"https:\/\/www.helloasso.com\/associations\/kasalab\/evenements\/moka-sala-en-ligne\" style=\"color:rgb(181,139,84);\">Obtenir le lien<\/a><\/div>\n<\/div>\n<\/div>\n<div id=\"ACC_SUJET_4\" class=\"ACC_HAUT\" onclick=\"Stop_Carousel('4')\">\n<div id=\"ACC_NEW_4\" class=\"ACC_NEW\">NOUVEAU !<\/div>\n<div id=\"ACC_CADRE_4\" class=\"ACC_CADRE\">\n<li class=\"ACC_TITRE ubuntu-bold\">Kas\u00e0l\u00e0 de la r\u00e9silience<\/li>\n<li id=\"ACC_DATE_4\" class=\"ACC_DATE ubuntu-regular\">le 11 janvier 2025<\/li>\n<div id=\"ACC_TEXTE_4\" class=\"ACC_TEXTE\">\n<li class=\"ACC_LISTE_SANS ubuntu-regular\">Comment retrouver la force<\/li>\n<li class=\"ACC_LISTE_SANS ubuntu-regular\">d&#8217;un nouveau d\u00e9veloppement<\/li>\n<li class=\"ACC_LISTE_SANS ubuntu-regular\">lorsque la vie nous malm\u00e8ne<\/li>\n<p><span><\/span><\/p>\n<li class=\"ACC_LISTE_SANS ubuntu-regular\">R\u00e9parez votre nom et votre<\/li>\n<li class=\"ACC_LISTE_SANS ubuntu-regular\">histoire avec le kas\u00e0l\u00e0<\/li>\n<\/div>\n<div class=\"ACC_BOUTON ubuntu-regular\" style=\"border-color:white; color:white;\"><a href=\"https:\/\/www.helloasso.com\/associations\/kasalab\/evenements\/kasala-de-la-resilience\">En savoir plus<\/a><\/div>\n<\/div>\n<\/div>\n<div id=\"ACC_VIGNETTES\">\n<div id=\"ACC_VIGN_1\" class=\"ACC_VIGN\" onclick=\"Stop_Carousel('1')\"><\/div>\n<div id=\"ACC_VIGN_2\" class=\"ACC_VIGN\" onclick=\"Stop_Carousel('2')\"><\/div>\n<div id=\"ACC_VIGN_3\" class=\"ACC_VIGN\" onclick=\"Stop_Carousel('3')\"><\/div>\n<div id=\"ACC_VIGN_4\" class=\"ACC_VIGN\" onclick=\"Stop_Carousel('4')\"><\/div>\n<div id=\"ACC_VIGN_CADRE\"><\/div>\n<\/div>\n<\/div>\n<div class=\"masquer\">******************* PAGE D&#8217;ACCUEIL &#8211; MENU **************************<\/div>\n<div id=\"CADRE_LOGO\">\n<div id=\"CADRE_LOGO_MENU\">\n<li class=\"CADRE_LOGO_LISTE\" id=\"CLL_1\" onclick=\"Ouvre_Menu(1)\">A propos<\/li>\n<li class=\"CADRE_LOGO_LISTE\" id=\"CLL_2\" onclick=\"Ouvre_Menu(2)\">Prochaines formations<\/li>\n<li class=\"CADRE_LOGO_LISTE\" id=\"CLL_3\" onclick=\"Ouvre_Menu(3)\">Nos publications<\/li>\n<li class=\"CADRE_LOGO_LISTE\" id=\"CLL_4\" onclick=\"Ouvre_Menu(4)\">Kas\u00e0l\u00e0s \u00e0 d\u00e9couvrir<\/li>\n<li class=\"CADRE_LOGO_LISTE\" id=\"CLL_5\"><a href=\"https:\/\/lheurbleu.fr\/index.php\/questions\/\">FAQ<\/a><\/li>\n<\/div>\n<div id=\"CADRE_LOGO_SOUS_MENU_1\" class=\"SOUS_MENU\" >\n<li class=\"CADRE_LOGO_SML_1\"><a href=\"https:\/\/lheurbleu.fr\/index.php\/a_propos_kasalab\">Kas\u00e0l\u00e0b<\/a><\/li>\n<li class=\"CADRE_LOGO_SML_1\"><a href=\"https:\/\/lheurbleu.fr\/index.php\/a_propos_kasaleo\">Documentaire \u00ab\u00a0kasaleo, la r\u00e9v\u00e9lation\u00a0\u00bb<\/a><\/li>\n<\/div>\n<div id=\"CADRE_LOGO_SOUS_MENU_2\" class=\"SOUS_MENU\" >\n<li class=\"CADRE_LOGO_SML_2\"><a href=\"https:\/\/lheurbleu.fr\/index.php\/calendrier\">Calendrier<\/a><\/li>\n<li class=\"CADRE_LOGO_SML_2\"><a href=\"https:\/\/lheurbleu.fr\/wp-content\/uploads\/Formations-Kasalab-3-volets.pdf\">Quelles formations choisir ?<\/a><\/li>\n<li class=\"CADRE_LOGO_SML_2\"><a href=\"https:\/\/lheurbleu.fr\/wp-content\/uploads\/triptyque-Kasalab.pdf\">Eskales narratives<\/a><\/li>\n<li class=\"CADRE_LOGO_SML_2\">Formations \u00e0 la demande<\/li>\n<\/div>\n<div id=\"CADRE_LOGO_SOUS_MENU_3\" class=\"SOUS_MENU\" >\n<li class=\"CADRE_LOGO_SML_3\"><a href=\"https:\/\/lheurbleu.fr\/index.php\/newsletters\">Newsletters<\/a><\/li>\n<li class=\"CADRE_LOGO_SML_3\">Articles LinkedIn<\/li>\n<li class=\"CADRE_LOGO_SML_3\">Blog<\/li>\n<li class=\"CADRE_LOGO_SML_3\">Podcast<\/li>\n<li class=\"CADRE_LOGO_SML_3\">Livres sonores<\/li>\n<\/div>\n<div id=\"CADRE_LOGO_SOUS_MENU_4\" class=\"SOUS_MENU\" >\n<li class=\"CADRE_LOGO_SML_4\"><a href=\"https:\/\/lheurbleu.fr\/index.php\/Kasala_01\">Kas\u00e0l\u00e0 \u00e0 mes lign\u00e9es<\/a><\/li>\n<li class=\"CADRE_LOGO_SML_4\"><a href=\"https:\/\/lheurbleu.fr\/index.php\/Kasala_02\">Kas\u00e0l\u00e0 de l\u2019air<\/a><\/li>\n<li class=\"CADRE_LOGO_SML_4\"><a href=\"https:\/\/lheurbleu.fr\/index.php\/Kasala_03\">Kas\u00e0l\u00e0 du serpent<\/a><\/li>\n<li class=\"CADRE_LOGO_SML_4\"><a href=\"https:\/\/lheurbleu.fr\/index.php\/Kasala_04\">Le poing e<\/a><\/li>\n<li \nclass=\"CADRE_LOGO_SML_4\"><a href=\"https:\/\/lheurbleu.fr\/index.php\/Kasala_05\">Kas\u00e0l\u00e0 mosa\u00efque<\/a><\/li>\n<\/div>\n<div id=\"CADRE_LOGO_SOUS_MENU_5\" class=\"SOUS_MENU\" >\n<li class=\"CADRE_LOGO_SML_5\"><a href=\"https:\/\/lheurbleu.fr\/index.php\/questions\/\">Questions<\/a><\/li>\n<\/div>\n<div id=\"CADRE_LOGO_MARQUE\"><\/div>\n<div id=\"CADRE_LOGO_BANDE\"><\/div>\n<div>\n<div id=\"CADRE_LOGO_IMAGE\"><\/div>\n<div id=\"CADRE_LOGO_FOND\"><\/div>\n<div id=\"CADRE_LOGO_LOGO\"><\/div>\n<div id=\"CADRE_LOGO_SLOGAN\">LA FABRIQUE DU LIEN<\/div>\n<\/div>\n<div id=\"CADRE_LOGO_TITRE\">L&#8217;\u00e9cole fran\u00e7aise de Kas\u00e0l\u00e0 contemporain<\/div>\n<div class=\"masquer\">******************* MENU DE BAS DE PAGE &#8211; A COPIER **************************<\/div>\n<div class=\"CADRE_LOGO_MENTIONS\">\n<li class=\"CADRE_LOGO_MENU\"><a style=\"color:rgb(181,139,84);\" href=\"https:\/\/lheurbleu.fr\/index.php\/mentions-legales\/\">Mentions l\u00e9gales<\/a><\/li>\n<li class=\"CADRE_LOGO_MENU\"><a href=\"https:\/\/lheurbleu.fr\/index.php\/nos_partenaires\/\" style=\"color:rgb(181,139,84);\">Nos partenaires<\/a><\/li>\n<li class=\"CADRE_LOGO_MENU\"><a style=\"color:rgb(181,139,84);\" href=\"mailto:kasalab75@gmail.com?subject=Demande de renseignement\">Nous contacter<\/a><\/li>\n<li class=\"CADRE_LOGO_MENU\"><a style=\"color:rgb(181,139,84);\" href=\"https:\/\/lheurbleu.fr\/index.php\/newsletter\/\">Recevoir la Newsletter<\/a><\/li>\n<\/div>\n<div id=\"CADRE_LOGO_LINKEDIN\"><a style=\"color:whitesmoke;\" href=\"https:\/\/www.linkedin.com\/in\/marie-france-baroth-6998a461\/\">ln<\/a><\/div>\n<div id=\"CADRE_LOGO_INSTA\"><a style=\"color:whitesmoke;\" href=\"https:\/\/www.instagram.com\/kasala.france\">Insta<\/a><\/div>\n<div class=\"masquer\">*************** MENU DE BAS DE PAGE &#8211; FIN DE BLOC A COPIER ******************<\/div>\n<\/div>\n<\/div>\n","protected":false},"excerpt":{"rendered":"<p>******************* PAGE D&#8217;ACCUEIL &#8211; CAROUSEL ************************** IN\u00c9DIT ! Kas\u00e0l\u00e0 et narrative en Corse du 22 au 27 mai Un d\u00e9cor de r\u00eave pour d\u00e9couvrir l\u2019union du kas\u00e0l\u00e0 et des pratiques narratives en Corse en mai 2025 : apprendre \u00e0 cr\u00e9er des liens en un temps record solidariser une \u00e9quipe c\u00e9l\u00e9brer et ritualiser les transitions avec &hellip; <\/p>\n<p class=\"link-more\"><a href=\"https:\/\/lheurbleu.fr\/\" class=\"more-link\">Continue reading<span class=\"screen-reader-text\"> &#8220;Accueil&#8221;<\/span><\/a><\/p>\n","protected":false},"author":1,"featured_media":0,"parent":0,"menu_order":0,"comment_status":"closed","ping_status":"closed","template":"","meta":{"spay_email":""},"simple-restrict-permission":[],"jetpack-related-posts":[{"id":2459,"url":"https:\/\/lheurbleu.fr\/index.php\/_anciennes_comm\/","url_meta":{"origin":8,"position":0},"title":"_Anciennes_Comm","date":"25 November 2024","format":false,"excerpt":"IN\u00c9DIT ! Kas\u00e0l\u00e0 et narrative en Corse du 22 au 27 mai Un d\u00e9cor de r\u00eave pour d\u00e9couvrir l\u2019union du kas\u00e0l\u00e0 et des pratiques narratives en Corse en mai 2025 : apprendre \u00e0 cr\u00e9er des liens en un temps record solidariser une \u00e9quipe c\u00e9l\u00e9brer et ritualiser les transitions avec impact\u2026","rel":"","context":"Similar post","img":{"alt_text":"","src":"","width":0,"height":0},"classes":[]},{"id":2130,"url":"https:\/\/lheurbleu.fr\/index.php\/calendrier\/","url_meta":{"origin":8,"position":1},"title":"Calendrier","date":"6 October 2024","format":false,"excerpt":"************************ ENTETE *********************************** ******************* MENU A COPIER ************************** A proposProchaines formationsNos publicationsKas\u00e0l\u00e0s \u00e0 d\u00e9couvrirFAQ Kas\u00e0l\u00e0bDocumentaire \u00ab\u00a0kasaleo, la r\u00e9v\u00e9lation\u00a0\u00bb CalendrierQuelles formations choisir ?Eskales narrativesFormations \u00e0 la demande NewslettersArticles LinkedInBlogPodcastLivres sonores Kas\u00e0l\u00e0 \u00e0 mes lign\u00e9esKas\u00e0l\u00e0 de l\u2019airKas\u00e0l\u00e0 du serpentLe poing eKas\u00e0l\u00e0 mosa\u00efque Questions ******************* FIN DE MENU A COPIER ************************** ************************ PAGE\u2026","rel":"","context":"Similar post","img":{"alt_text":"","src":"","width":0,"height":0},"classes":[]},{"id":2276,"url":"https:\/\/lheurbleu.fr\/index.php\/a_propos_kasalab\/","url_meta":{"origin":8,"position":2},"title":"A_Propos_Kasalab","date":"9 October 2024","format":false,"excerpt":"************************ ENTETE *********************************** ******************* MENU A COPIER ************************** A proposProchaines formationsNos publicationsKas\u00e0l\u00e0s \u00e0 d\u00e9couvrirFAQ Kas\u00e0l\u00e0bDocumentaire \u00ab\u00a0kasaleo, la r\u00e9v\u00e9lation\u00a0\u00bb CalendrierQuelles formations choisir ?Eskales narrativesFormations \u00e0 la demande NewslettersArticles LinkedInBlogPodcastLivres sonores Kas\u00e0l\u00e0 \u00e0 mes lign\u00e9esKas\u00e0l\u00e0 de l\u2019airKas\u00e0l\u00e0 du serpentLe poing eKas\u00e0l\u00e0 mosa\u00efque Questions ******************* FIN DE MENU A COPIER ************************** ************************ PAGE\u2026","rel":"","context":"Similar post","img":{"alt_text":"","src":"","width":0,"height":0},"classes":[]},{"id":1738,"url":"https:\/\/lheurbleu.fr\/index.php\/kasalatheque\/","url_meta":{"origin":8,"position":3},"title":"Z_Kas\u00e0l\u00e0th\u00e8que","date":"18 June 2022","format":false,"excerpt":"===================== Blog ============================ ===================== Menu \u00e0 reporter ============================ ------------------Retour et Champ de Recherche-------------------- Ac Retour Accueil ---------------- Menu hors page d'accueil -------------------- R\u00e9enchanter > le monde > le monde de l'entreprise Kas\u00e0lab > le lab > ce que nous pouvons faire ensemble > exemples \u00c9v\u00e8nements Blog > les articles >\u2026","rel":"","context":"Similar post","img":{"alt_text":"","src":"https:\/\/i0.wp.com\/lheurbleu.fr\/wp-content\/uploads\/Image_Transparente.png?resize=350%2C200&ssl=1","width":350,"height":200},"classes":[]},{"id":1625,"url":"https:\/\/lheurbleu.fr\/index.php\/idees-abandonnees\/","url_meta":{"origin":8,"position":4},"title":"Z_Idees Abandonnees","date":"12 June 2022","format":false,"excerpt":"===================== Depuis la page Blog ============================ ===================== Le Kasala du Kasala ============================ Un des exercices traditionnels en kas\u00e0l\u00e0 contemporain est d\u2019\u00e9crire le kas\u00e0l\u00e0 du kas\u00e0l\u00e0. En voici un exemple. Bon \u00e0 savoir : les rimes ne sont pas obligatoires. La forme du kas\u00e0l\u00e0 contemporain est assez libre. Son caract\u00e8re po\u00e9tique\u2026","rel":"","context":"Similar post","img":{"alt_text":"","src":"https:\/\/i0.wp.com\/lheurbleu.fr\/wp-content\/uploads\/Image_Transparente.png?resize=350%2C200&ssl=1","width":350,"height":200},"classes":[]},{"id":2447,"url":"https:\/\/lheurbleu.fr\/index.php\/questions\/","url_meta":{"origin":8,"position":5},"title":"Questions","date":"28 October 2024","format":false,"excerpt":"************************ ENTETE *********************************** ******************* MENU A COPIER ************************** A proposProchaines formationsNos publicationsKas\u00e0l\u00e0s \u00e0 d\u00e9couvrirFAQ Kas\u00e0l\u00e0bDocumentaire \u00ab\u00a0kasaleo, la r\u00e9v\u00e9lation\u00a0\u00bb CalendrierQuelles formations choisir ?Eskales narrativesFormations \u00e0 la demande NewslettersArticles LinkedInBlogPodcastLivres sonores Kas\u00e0l\u00e0 \u00e0 mes lign\u00e9esKas\u00e0l\u00e0 de l\u2019airKas\u00e0l\u00e0 du serpentLe poing eKas\u00e0l\u00e0 mosa\u00efque Questions ******************* FIN DE MENU A COPIER ************************** ************************** FAQ\u2026","rel":"","context":"Similar post","img":{"alt_text":"","src":"","width":0,"height":0},"classes":[]}],"_links":{"self":[{"href":"https:\/\/lheurbleu.fr\/index.php\/wp-json\/wp\/v2\/pages\/8"}],"collection":[{"href":"https:\/\/lheurbleu.fr\/index.php\/wp-json\/wp\/v2\/pages"}],"about":[{"href":"https:\/\/lheurbleu.fr\/index.php\/wp-json\/wp\/v2\/types\/page"}],"author":[{"embeddable":true,"href":"https:\/\/lheurbleu.fr\/index.php\/wp-json\/wp\/v2\/users\/1"}],"replies":[{"embeddable":true,"href":"https:\/\/lheurbleu.fr\/index.php\/wp-json\/wp\/v2\/comments?post=8"}],"version-history":[{"count":354,"href":"https:\/\/lheurbleu.fr\/index.php\/wp-json\/wp\/v2\/pages\/8\/revisions"}],"predecessor-version":[{"id":2585,"href":"https:\/\/lheurbleu.fr\/index.php\/wp-json\/wp\/v2\/pages\/8\/revisions\/2585"}],"wp:attachment":[{"href":"https:\/\/lheurbleu.fr\/index.php\/wp-json\/wp\/v2\/media?parent=8"}],"wp:term":[{"taxonomy":"simple-restrict-permission","embeddable":true,"href":"https:\/\/lheurbleu.fr\/index.php\/wp-json\/wp\/v2\/simple-restrict-permission?post=8"}],"curies":[{"name":"wp","href":"https:\/\/api.w.org\/{rel}","templated":true}]}}